{"id":12,"date":"2015-05-21T10:33:06","date_gmt":"2015-05-21T08:33:06","guid":{"rendered":"https:\/\/orangerie-apotheke.de\/?page_id=12"},"modified":"2025-02-13T10:56:50","modified_gmt":"2025-02-13T09:56:50","slug":"service","status":"publish","type":"page","link":"https:\/\/orangerie-apotheke.de\/index.php\/service\/","title":{"rendered":"Service"},"content":{"rendered":"<div class=\"wpb-content-wrapper\"><p>[vc_row el_class=&#8220;bgwhite&#8220;][vc_column][vc_row_inner el_class=&#8220;page&#8220;][vc_column_inner][vc_column_text]<\/p>\n<h1 id=\"versandapotheke\">VERSANDAPOTHEKE<\/h1>\n<p>Die Apotheke an der Orangerie bietet Ihnen die M\u00f6glichkeit der Onlinebestellung.<br \/>\nWir sind als genehmigte Versandapotheke bei der DIMDi gelistet.<\/p>\n<p><a href=\"https:\/\/versandhandel.dimdi.de\/websearch\/servlet\/Gate?accessid=dimdi_var&amp;term=ac18032bea128b194fb9b80cdcb14375\"><img loading=\"lazy\" decoding=\"async\" class=\" size-thumbnail wp-image-600 alignnone\" src=\"https:\/\/orangerie-apotheke.de\/wp-content\/uploads\/2015\/05\/logo-150x150.png\" alt=\"logo\" width=\"150\" height=\"150\" \/><\/a><\/p>\n<p>Sie k\u00f6nnen per E-Mail Versandbestellung unter <a href=\"mailto:info@orangerie-apotheke.de\">info@orangerie-apotheke.de<\/a> vornehmen.[\/vc_column_text][vc_column_text]Die Abrechnung erfolgt per Rechnung und wird Ihnen mit der Anlieferung der Produkte \u00fcbersandt. Der f\u00e4llige Rechnungsbetrag ist innerhalb von 14 Tagen auf das angegebene Konto zu \u00fcberweisen.<\/p>\n<p>Die Versendung der Ware wird an den \u00d6ffnungstagen unserer Apotheke innerhalb von 4 Stunden realisiert.<\/p>\n<p>Auch bei notwendiger Bestellung beim Gro\u00dfh\u00e4ndler tritt in der Regel keine weitere Verz\u00f6gerung auf.<br \/>\nDie Versandform kann je nach Umfang der Sendung \u00fcber P\u00e4ckchen, Paket oder \u00fcber Warensendung erfolgen.[\/vc_column_text]<div class=\"ora_pictogramm\">\n\t\t<div class=\"pic\">\n\t\t\t<img decoding=\"async\" src=\"https:\/\/orangerie-apotheke.de\/wp-content\/uploads\/2015\/05\/Piktogramm_Paket.png\" alt=\"\" \/>\n\t\t<\/div>\n\t\t<div class=\"text\">\n\t\t\t<p>Die Versendung als P\u00e4ckchen kostet 4,50 Euro und dauert in der Regel 1-2 Werktage<\/p>\n\t\t<\/div>\n\t<\/div><div class=\"ora_pictogramm\">\n\t\t<div class=\"pic\">\n\t\t\t<img decoding=\"async\" src=\"https:\/\/orangerie-apotheke.de\/wp-content\/uploads\/2015\/05\/Paeckchen.png\" alt=\"\" \/>\n\t\t<\/div>\n\t\t<div class=\"text\">\n\t\t\t<p>Die Versendung als Paket kostet je nach Gewicht zwischen 6,99-14,99\u20ac und dauert in der Regel 1-2 Werktage.<\/p>\n\t\t<\/div>\n\t<\/div><div class=\"ora_pictogramm\">\n\t\t<div class=\"pic\">\n\t\t\t<img decoding=\"async\" src=\"https:\/\/orangerie-apotheke.de\/wp-content\/uploads\/2015\/05\/Warensendung.png\" alt=\"\" \/>\n\t\t<\/div>\n\t\t<div class=\"text\">\n\t\t\t<p>Die Versendung als Warensendung kostet je nach Gr\u00f6\u00dfe zwischen 0,90-2,35\u20ac und kann 1-5 Werktage dauern.<\/p>\n\t\t<\/div>\n\t<\/div>[\/vc_column_inner][\/vc_row_inner][\/vc_column][\/vc_row][vc_row][vc_column][vc_row_inner el_class=&#8220;lemontree-left&#8220;][vc_column_inner][\/vc_column_inner][\/vc_row_inner][vc_row_inner el_class=&#8220;white-right-top&#8220;][vc_column_inner][\/vc_column_inner][\/vc_row_inner][\/vc_column][\/vc_row][vc_row][vc_column][vc_row_inner el_class=&#8220;page&#8220; css=&#8220;.vc_custom_1434548599770{padding-top: 100px !important;}&#8220;][vc_column_inner width=&#8220;1\/2&#8243; css=&#8220;.vc_custom_1434636146642{padding-right: 40px !important;}&#8220;][vc_column_text]<\/p>\n<h1>Unser Service<\/h1>\n<p>Unser Service f\u00fcr Ihre Gesundheit.<br \/>\nIn den unten aufgelisteten Feldern, sehen Sie eine \u00dcbersicht unseres Leistungsspektrums.[\/vc_column_text][\/vc_column_inner][vc_column_inner width=&#8220;1\/2&#8243;][vc_single_image image=&#8220;46336&#8243; img_size=&#8220;full&#8220; css=&#8220;.vc_custom_1739438740123{margin-top: 70px !important;margin-bottom: 50px !important;}&#8220;][\/vc_column_inner][\/vc_row_inner][\/vc_column][\/vc_row][vc_row][vc_column][vc_row_inner el_class=&#8220;grey-left-bottom&#8220;][vc_column_inner][\/vc_column_inner][\/vc_row_inner][vc_row_inner el_class=&#8220;page&#8220; css=&#8220;.vc_custom_1434958458802{margin-top: 50px !important;}&#8220;][vc_column_inner el_class=&#8220;org-service-btn&#8220; width=&#8220;1\/3&#8243;][vc_column_text el_class=&#8220;service-link-button&#8220;]<\/p>\n<h3>Beratung<\/h3>\n<p>&nbsp;<\/p>\n<p>Beratung rund um Ihre Gesundheit[\/vc_column_text][vc_column_text css=&#8220;.vc_custom_1460369794381{margin-top: 20px !important;}&#8220; el_class=&#8220;service-link-button&#8220;]<\/p>\n<h3>Verleih<\/h3>\n<p>&nbsp;<\/p>\n<p>Wir halten auch Artikel zum Verleih bereit[\/vc_column_text][\/vc_column_inner][vc_column_inner el_class=&#8220;org-service-btn absolute-center&#8220; width=&#8220;1\/3&#8243;][vc_column_text el_class=&#8220;service-link-button&#8220;]<\/p>\n<h3>Messung<\/h3>\n<p>&nbsp;<\/p>\n<p>Genaue Messung von K\u00f6rperfunktionen[\/vc_column_text][vc_column_text el_class=&#8220;service-link-button&#8220;]<\/p>\n<h3>Kunden-<br \/>\nkarte<\/h3>\n<p>profitieren Sie mit einer pers\u00f6nlichen Kundenkarte[\/vc_column_text][\/vc_column_inner][vc_column_inner el_class=&#8220;org-service-btn absolute-align-right&#8220; width=&#8220;1\/3&#8243;][vc_column_text el_class=&#8220;service-link-button&#8220;]<\/p>\n<h3>Rezepturen<\/h3>\n<p>&nbsp;<\/p>\n<p>individuelle Rezepturen[\/vc_column_text][vc_column_text el_class=&#8220;service-link-button&#8220;]<\/p>\n<h3>Bringe-<br \/>\ndienst<\/h3>\n<p>Bringedienst 2x t\u00e4glich[\/vc_column_text][\/vc_column_inner][\/vc_row_inner][vc_row_inner][vc_column_inner][vc_single_image image=&#8220;216&#8243; img_size=&#8220;1500&#215;888&#8243; el_class=&#8220;fullscale&#8220;][\/vc_column_inner][\/vc_row_inner][\/vc_column][\/vc_row][vc_row][vc_column][vc_row_inner el_class=&#8220;white-right-bottom&#8220;][vc_column_inner][\/vc_column_inner][\/vc_row_inner][\/vc_column][\/vc_row][vc_row el_class=&#8220;bgwhite&#8220;][vc_column][\/vc_column][\/vc_row][vc_row el_class=&#8220;bgwhite&#8220;][vc_column][vc_row_inner el_class=&#8220;page&#8220;][vc_column_inner width=&#8220;1\/2&#8243;][vc_single_image image=&#8220;46338&#8243; img_size=&#8220;450&#215;300&#8243; css=&#8220;&#8220;][\/vc_column_inner][vc_column_inner width=&#8220;1\/2&#8243;][vc_single_image image=&#8220;46340&#8243; img_size=&#8220;450&#215;300&#8243; alignment=&#8220;right&#8220; css=&#8220;.vc_custom_1739440608901{margin-bottom: 40px !important;margin-left: 20px !important;}&#8220;][\/vc_column_inner][\/vc_row_inner][\/vc_column][\/vc_row]<\/p>\n<\/div>","protected":false},"excerpt":{"rendered":"<p>[vc_row el_class=&#8220;bgwhite&#8220;][vc_column][vc_row_inner el_class=&#8220;page&#8220;][vc_column_inner][vc_column_text] VERSANDAPOTHEKE Die Apotheke an der Orangerie bietet Ihnen die M\u00f6glichkeit der Onlinebestellung. Wir sind als genehmigte Versandapotheke bei der DIMDi gelistet. Sie k\u00f6nnen per E-Mail Versandbestellung unter info@orangerie-apotheke.de vornehmen.[\/vc_column_text][vc_column_text]Die Abrechnung erfolgt per Rechnung und wird Ihnen mit der Anlieferung der Produkte \u00fcbersandt. Der f\u00e4llige Rechnungsbetrag ist innerhalb von 14 Tagen auf das [&hellip;]<\/p>\n","protected":false},"author":4,"featured_media":0,"parent":0,"menu_order":400,"comment_status":"open","ping_status":"closed","template":"","meta":{"_acf_changed":false,"footnotes":""},"class_list":["post-12","page","type-page","status-publish","hentry"],"acf":[],"_links":{"self":[{"href":"https:\/\/orangerie-apotheke.de\/index.php\/wp-json\/wp\/v2\/pages\/12","targetHints":{"allow":["GET"]}}],"collection":[{"href":"https:\/\/orangerie-apotheke.de\/index.php\/wp-json\/wp\/v2\/pages"}],"about":[{"href":"https:\/\/orangerie-apotheke.de\/index.php\/wp-json\/wp\/v2\/types\/page"}],"author":[{"embeddable":true,"href":"https:\/\/orangerie-apotheke.de\/index.php\/wp-json\/wp\/v2\/users\/4"}],"replies":[{"embeddable":true,"href":"https:\/\/orangerie-apotheke.de\/index.php\/wp-json\/wp\/v2\/comments?post=12"}],"version-history":[{"count":179,"href":"https:\/\/orangerie-apotheke.de\/index.php\/wp-json\/wp\/v2\/pages\/12\/revisions"}],"predecessor-version":[{"id":46353,"href":"https:\/\/orangerie-apotheke.de\/index.php\/wp-json\/wp\/v2\/pages\/12\/revisions\/46353"}],"wp:attachment":[{"href":"https:\/\/orangerie-apotheke.de\/index.php\/wp-json\/wp\/v2\/media?parent=12"}],"curies":[{"name":"wp","href":"https:\/\/api.w.org\/{rel}","templated":true}]}}