{"id":14,"date":"2015-05-21T10:33:24","date_gmt":"2015-05-21T08:33:24","guid":{"rendered":"https:\/\/orangerie-apotheke.de\/?page_id=14"},"modified":"2024-07-22T14:56:17","modified_gmt":"2024-07-22T12:56:17","slug":"kontakt","status":"publish","type":"page","link":"https:\/\/orangerie-apotheke.de\/index.php\/kontakt\/","title":{"rendered":"Kontakt"},"content":{"rendered":"<div class=\"wpb-content-wrapper\"><p>[vc_row el_class=&#8220;bgwhite&#8220;][vc_column][vc_row_inner el_class=&#8220;page&#8220; css=&#8220;.vc_custom_1434534600913{padding-top: 40px !important;padding-bottom: 40px !important;}&#8220;][vc_column_inner width=&#8220;1\/2&#8243;][vc_column_text]<\/p>\n<h1>Apotheke an der<br \/>\nOrangerie<\/h1>\n<p>Helenenstra\u00dfe 10<br \/>\n99867 Gotha<\/p>\n<p>Tel: 03621 &#8211; 403730<br \/>\n<a href=\"mailto:info@orangerie-apotheke.de\">info@orangerie-apotheke.de <\/a>[\/vc_column_text][\/vc_column_inner][vc_column_inner width=&#8220;1\/2&#8243;][vc_single_image image=&#8220;1172&#8243; img_size=&#8220;full&#8220; alignment=&#8220;center&#8220; onclick=&#8220;custom_link&#8220; img_link_target=&#8220;_blank&#8220; css=&#8220;&#8220; link=&#8220;https:\/\/www.google.com\/maps\/place\/Apotheke+an+der+Orangerie\/@50.9467202,10.7096354,15.46z\/data=!3m1!5s0x47a47bf979522d99:0x284a80155a1b9d7f!4m6!3m5!1s0x47a47bf912816887:0x2fa6c614f88f3eca!8m2!3d50.946432!4d10.7138331!16s%2Fg%2F1tdkfnlv?hl=de-DE&amp;entry=ttu&#8220; el_id=&#8220;oa_contact_map&#8220;][\/vc_column_inner][\/vc_row_inner][\/vc_column][\/vc_row][vc_row el_class=&#8220;bgwhite&#8220;][vc_column][vc_row_inner el_class=&#8220;page&#8220; css=&#8220;.vc_custom_1434534600913{padding-top: 40px !important;padding-bottom: 40px !important;}&#8220;][vc_column_inner width=&#8220;1\/2&#8243;][vc_column_text]<\/p>\n<h1 id=\"oeffnungszeiten\">\u00d6ffnungszeiten<\/h1>\n<p>Montag\u00a0\u00a0\u00a0\u00a0\u00a0\u00a0\u00a0\u00a0\u00a0\u00a0\u00a0\u00a0\u00a0\u00a0 07:30 &#8211; 18:00 Uhr<br \/>\nDienstag\u00a0\u00a0\u00a0\u00a0\u00a0\u00a0\u00a0\u00a0\u00a0\u00a0\u00a0\u00a0 07:30 &#8211; 18:00 Uhr<br \/>\nMittwoch\u00a0\u00a0\u00a0\u00a0\u00a0\u00a0\u00a0\u00a0\u00a0\u00a0\u00a0 07:30 &#8211; 18:00 Uhr<br \/>\nDonnerstag\u00a0\u00a0\u00a0\u00a0\u00a0\u00a0\u00a0 07:30 &#8211; 18:30 Uhr<br \/>\nFreitag\u00a0\u00a0\u00a0\u00a0\u00a0\u00a0\u00a0\u00a0\u00a0\u00a0\u00a0\u00a0\u00a0\u00a0\u00a0 07:30 &#8211; 18:00 Uhr<br \/>\nSamstag\u00a0\u00a0\u00a0\u00a0\u00a0\u00a0\u00a0\u00a0\u00a0\u00a0\u00a0\u00a0 09:00 &#8211; 12:00 Uhr[\/vc_column_text][\/vc_column_inner][vc_column_inner width=&#8220;1\/2&#8243;][vc_single_image image=&#8220;970&#8243; img_size=&#8220;full&#8220;][\/vc_column_inner][\/vc_row_inner][\/vc_column][\/vc_row][vc_row][vc_column][vc_row_inner el_class=&#8220;lemontree-left&#8220;][vc_column_inner][\/vc_column_inner][\/vc_row_inner][vc_row_inner el_class=&#8220;white-right-top&#8220;][vc_column_inner][\/vc_column_inner][\/vc_row_inner][\/vc_column][\/vc_row][vc_row][vc_column][vc_row_inner el_class=&#8220;page&#8220;][vc_column_inner css=&#8220;.vc_custom_1434544165731{padding-bottom: 100px !important;}&#8220;][vc_column_text css=&#8220;.vc_custom_1438594150201{padding-top: 100px !important;}&#8220;]<\/p>\n<h1 id=\"anfrage\">Anfrage<\/h1>\n<p>M\u00f6chten Sie uns eine pers\u00f6nliche Nachricht schicken, haben Sie Fragen oder W\u00fcnsche?<br \/>\nWir beraten Sie gerne![\/vc_column_text]\n<div class=\"wpcf7 no-js\" id=\"wpcf7-f41-o1\" lang=\"de-DE\" dir=\"ltr\" data-wpcf7-id=\"41\">\n<div class=\"screen-reader-response\"><p role=\"status\" aria-live=\"polite\" aria-atomic=\"true\"><\/p> <ul><\/ul><\/div>\n<form action=\"\/index.php\/wp-json\/wp\/v2\/pages\/14#wpcf7-f41-o1\" method=\"post\" class=\"wpcf7-form init\" aria-label=\"Kontaktformular\" novalidate=\"novalidate\" data-status=\"init\">\n<fieldset class=\"hidden-fields-container\"><input type=\"hidden\" name=\"_wpcf7\" value=\"41\" \/><input type=\"hidden\" name=\"_wpcf7_version\" value=\"6.1.1\" \/><input type=\"hidden\" name=\"_wpcf7_locale\" value=\"de_DE\" \/><input type=\"hidden\" name=\"_wpcf7_unit_tag\" value=\"wpcf7-f41-o1\" \/><input type=\"hidden\" name=\"_wpcf7_container_post\" value=\"0\" \/><input type=\"hidden\" name=\"_wpcf7_posted_data_hash\" value=\"\" \/>\n<\/fieldset>\n<div id=\"ora-kontaktform-wrap\">\n\t<div class=\"kf-col1 left\">\n\t\t<p>Name \/ Vorname(Pflichtfeld)\n\t\t<\/p>\n\t\t<p><span class=\"wpcf7-form-control-wrap\" data-name=\"your-name\"><input size=\"40\" maxlength=\"400\" class=\"wpcf7-form-control wpcf7-text wpcf7-validates-as-required\" aria-required=\"true\" aria-invalid=\"false\" value=\"\" type=\"text\" name=\"your-name\" \/><\/span>\n\t\t<\/p>\n\t\t<p class=\"hideres\">&nbsp;\n\t\t<\/p>\n\t\t<p>Ihre E-Mail-Adresse (Pflichtfeld)\n\t\t<\/p>\n\t\t<p><span class=\"wpcf7-form-control-wrap\" data-name=\"your-email\"><input size=\"40\" maxlength=\"400\" class=\"wpcf7-form-control wpcf7-email wpcf7-validates-as-required wpcf7-text wpcf7-validates-as-email\" aria-required=\"true\" aria-invalid=\"false\" value=\"\" type=\"email\" name=\"your-email\" \/><\/span>\n\t\t<\/p>\n\t<\/div>\n\t<div class=\"kf-col1 right\">\n\t\t<p>Ihre Nachricht\n\t\t<\/p>\n\t\t<p><span class=\"wpcf7-form-control-wrap\" data-name=\"your-message\"><textarea cols=\"40\" rows=\"10\" maxlength=\"2000\" class=\"wpcf7-form-control wpcf7-textarea\" aria-invalid=\"false\" name=\"your-message\"><\/textarea><\/span>\n\t\t<\/p>\n\t\t<div class=\"clear\">\n\t\t<\/div>\n\t\t<div style=\"margin:20px 0;\">\n\t\t\t<p>Bitte beachten Sie, dass Ihre Daten gem\u00e4\u00df unseren <a href=\"\/datenschutz\/\">Datenschutzbestimmungen<\/a> gespeichert werden\n\t\t\t<\/p>\n\t\t<\/div>\n\t\t<div class=\"clear\">\n\t\t<\/div>\n\t\t<p><span id=\"wpcf7-69e20e062094f-wrapper\" class=\"wpcf7-form-control-wrap company-wrap\" style=\"display:none !important; visibility:hidden !important;\"><label for=\"wpcf7-69e20e062094f-field\" class=\"hp-message\">Bitte lasse dieses Feld leer.<\/label><input id=\"wpcf7-69e20e062094f-field\"  class=\"wpcf7-form-control wpcf7-text\" type=\"text\" name=\"company\" value=\"\" size=\"40\" tabindex=\"-1\" autocomplete=\"new-password\" \/><\/span><br \/>\n<span id=\"wpcf7-69e20e06209d7-wrapper\" class=\"wpcf7-form-control-wrap text-wrap\" ><label for=\"wpcf7-69e20e06209d7-field\" class=\"hp-message\">Bitte lasse dieses Feld leer.<\/label><input id=\"wpcf7-69e20e06209d7-field\"  class=\"wpcf7-form-control wpcf7-text\" type=\"text\" name=\"text\" value=\"\" size=\"40\" tabindex=\"-1\" autocomplete=\"new-password\" \/><\/span>\n\t\t<\/p>\n\t\t<p><input class=\"wpcf7-form-control wpcf7-submit has-spinner kf-submit-btn\" type=\"submit\" value=\"Abschicken\" \/>\n\t\t<\/p>\n\t<\/div>\n\t<div class=\"clear\">\n\t<\/div>\n<\/div><div class=\"wpcf7-response-output\" aria-hidden=\"true\"><\/div>\n<\/form>\n<\/div>\n[\/vc_column_inner][\/vc_row_inner][\/vc_column][\/vc_row]<\/p>\n<\/div>","protected":false},"excerpt":{"rendered":"<p>[vc_row el_class=&#8220;bgwhite&#8220;][vc_column][vc_row_inner el_class=&#8220;page&#8220; css=&#8220;.vc_custom_1434534600913{padding-top: 40px !important;padding-bottom: 40px !important;}&#8220;][vc_column_inner width=&#8220;1\/2&#8243;][vc_column_text] Apotheke an der Orangerie Helenenstra\u00dfe 10 99867 Gotha Tel: 03621 &#8211; 403730 info@orangerie-apotheke.de [\/vc_column_text][\/vc_column_inner][vc_column_inner width=&#8220;1\/2&#8243;][vc_single_image image=&#8220;1172&#8243; img_size=&#8220;full&#8220; alignment=&#8220;center&#8220; onclick=&#8220;custom_link&#8220; img_link_target=&#8220;_blank&#8220; css=&#8220;&#8220; link=&#8220;https:\/\/www.google.com\/maps\/place\/Apotheke+an+der+Orangerie\/@50.9467202,10.7096354,15.46z\/data=!3m1!5s0x47a47bf979522d99:0x284a80155a1b9d7f!4m6!3m5!1s0x47a47bf912816887:0x2fa6c614f88f3eca!8m2!3d50.946432!4d10.7138331!16s%2Fg%2F1tdkfnlv?hl=de-DE&amp;entry=ttu&#8220; el_id=&#8220;oa_contact_map&#8220;][\/vc_column_inner][\/vc_row_inner][\/vc_column][\/vc_row][vc_row el_class=&#8220;bgwhite&#8220;][vc_column][vc_row_inner el_class=&#8220;page&#8220; css=&#8220;.vc_custom_1434534600913{padding-top: 40px !important;padding-bottom: 40px !important;}&#8220;][vc_column_inner width=&#8220;1\/2&#8243;][vc_column_text] \u00d6ffnungszeiten Montag\u00a0\u00a0\u00a0\u00a0\u00a0\u00a0\u00a0\u00a0\u00a0\u00a0\u00a0\u00a0\u00a0\u00a0 07:30 &#8211; 18:00 Uhr Dienstag\u00a0\u00a0\u00a0\u00a0\u00a0\u00a0\u00a0\u00a0\u00a0\u00a0\u00a0\u00a0 07:30 &#8211; 18:00 Uhr Mittwoch\u00a0\u00a0\u00a0\u00a0\u00a0\u00a0\u00a0\u00a0\u00a0\u00a0\u00a0 07:30 &#8211; 18:00 [&hellip;]<\/p>\n","protected":false},"author":4,"featured_media":0,"parent":0,"menu_order":500,"comment_status":"open","ping_status":"closed","template":"","meta":{"_acf_changed":false,"footnotes":""},"class_list":["post-14","page","type-page","status-publish","hentry"],"acf":[],"_links":{"self":[{"href":"https:\/\/orangerie-apotheke.de\/index.php\/wp-json\/wp\/v2\/pages\/14","targetHints":{"allow":["GET"]}}],"collection":[{"href":"https:\/\/orangerie-apotheke.de\/index.php\/wp-json\/wp\/v2\/pages"}],"about":[{"href":"https:\/\/orangerie-apotheke.de\/index.php\/wp-json\/wp\/v2\/types\/page"}],"author":[{"embeddable":true,"href":"https:\/\/orangerie-apotheke.de\/index.php\/wp-json\/wp\/v2\/users\/4"}],"replies":[{"embeddable":true,"href":"https:\/\/orangerie-apotheke.de\/index.php\/wp-json\/wp\/v2\/comments?post=14"}],"version-history":[{"count":47,"href":"https:\/\/orangerie-apotheke.de\/index.php\/wp-json\/wp\/v2\/pages\/14\/revisions"}],"predecessor-version":[{"id":1175,"href":"https:\/\/orangerie-apotheke.de\/index.php\/wp-json\/wp\/v2\/pages\/14\/revisions\/1175"}],"wp:attachment":[{"href":"https:\/\/orangerie-apotheke.de\/index.php\/wp-json\/wp\/v2\/media?parent=14"}],"curies":[{"name":"wp","href":"https:\/\/api.w.org\/{rel}","templated":true}]}}