{"id":2,"date":"2015-05-21T08:31:30","date_gmt":"2015-05-21T06:31:30","guid":{"rendered":"https:\/\/orangerie-apotheke.de\/?page_id=2"},"modified":"2025-02-20T14:35:27","modified_gmt":"2025-02-20T13:35:27","slug":"willkommen","status":"publish","type":"page","link":"https:\/\/orangerie-apotheke.de\/","title":{"rendered":"Willkommen"},"content":{"rendered":"<div class=\"wpb-content-wrapper\"><p>[vc_row el_class=&#8220;bgwhite&#8220;][vc_column][vc_row_inner el_class=&#8220;page&#8220;][vc_column_inner][vc_column_text css=&#8220;&#8220;]<\/p>\n<h1>Willkommen<\/h1>\n<p>Unsere Internetseite ist ein Spiegel unserer Apotheke und zeigt unsere Begeisterung f\u00fcr unseren Beruf. Wir sind mit Leib und Seele dabei. Wir geben Ihnen unser Wissen, unsere Empathie, unsere Zeit und Aufmerksamkeit. Sie sind uns wichtig. Und wir m\u00f6chten es auch f\u00fcr Sie sein.<\/p>\n<p>Herzlich Willkommen.<\/p>\n<p>&nbsp;<\/p>\n<h4>Geben Sie sich Kraft, Gesundheit und Wohlbefinden<\/h4>\n<h2 style=\"color: #009839; font-size: 30px;\"><\/h2>\n<p>[\/vc_column_text][vc_single_image image=&#8220;46359&#8243; img_size=&#8220;453&#215;641&#8243; alignment=&#8220;center&#8220; css=&#8220;.vc_custom_1740058526117{margin-top: 50px !important;}&#8220;][\/vc_column_inner][\/vc_row_inner][\/vc_column][\/vc_row][vc_row][vc_column][vc_row_inner el_class=&#8220;lemontree-left&#8220;][vc_column_inner][\/vc_column_inner][\/vc_row_inner][vc_row_inner el_class=&#8220;white-right-top&#8220;][vc_column_inner][\/vc_column_inner][\/vc_row_inner][\/vc_column][\/vc_row][vc_row el_class=&#8220;page&#8220;][vc_column][vc_column_text css=&#8220;.vc_custom_1438594692524{margin-top: 100px !important;}&#8220;]<\/p>\n<h1>Im Notfall Gut versorgt<\/h1>\n<p>Die Notdienstpl\u00e4ne \u00e4ndern sich regelm\u00e4\u00dfig. Aktuelle Notdienst-Informationen beziehen Sie tagesaktuell von der Homepage der Landesapothekerkammer Th\u00fcringen unter der Rubrik Service &#8211; Notdienstkalender:<\/p>\n<p>&nbsp;<\/p>\n<p><a id=\"nav_notdienst\" class=\"orange-btn uppercase\" href=\"http:\/\/www.lakt.de\/index.php?neloh=S010850\" target=\"_blank\" rel=\"noopener noreferrer\">Apothekennotdienst<\/a>[\/vc_column_text][\/vc_column][\/vc_row][vc_row el_class=&#8220;page&#8220;][vc_column][vc_separator el_class=&#8220;ora-spacer&#8220;][\/vc_column][\/vc_row][vc_row el_class=&#8220;page&#8220;][vc_column css=&#8220;.vc_custom_1432209697764{margin-top: 70px !important;}&#8220;][vc_column_text]<\/p>\n<h1 id=\"nav_bestellung\">Arzneimittelvorbestellung<\/h1>\n<p>Eine Bearbeitung der Arzneimittelvorbestellung ist nur w\u00e4hrend der \u00d6ffnungszeiten m\u00f6glich. Bestellen Sie die gew\u00fcnschten Produkte, rezeptfreie und rezeptpflichtige Medikamente einfach und bequem bei uns vor und holen Sie diese in Ihrer Apotheke ab. Sie erhalten \u00fcber Ihre Bestellung eine Best\u00e4tigungsmail.<\/p>\n<p>&nbsp;<\/p>\n<p>Bitte w\u00e4hlen Sie die entsprechenden Fakten aus[\/vc_column_text][\/vc_column][\/vc_row][vc_row el_class=&#8220;page&#8220; css=&#8220;.vc_custom_1433929210698{margin-bottom: 100px !important;}&#8220;][vc_column][vc_column_text]\n<style> .formt { position:absolute; width:1px; height:1px; overflow:hidden; opacity:0; } <\/style>\n\n<div id=\"ora_rezeptform_wrap\">\n\t\n\t<script type=\"text\/javascript\">\n\t\t\n\t\tjQuery(document).ready(function() {\n\t\t\t\n\t\t\tchangeFileName();\n\t\t\t\n\t\t\t\/\/ Formular umschalten\n\t\t\tjQuery('#tabbar a').bind('click', function(){\n\t\t\t\tjQuery('#tabbar a').removeClass('active');\n\t\t\t\tjQuery(this).addClass('active');\n\t\t\t\t\n\t\t\t\tif(jQuery(this).attr('id') == 'tab-rezeptfrei')\n\t\t\t\t{\n\t\t\t\t\tjQuery('.rezeptpflichtig_field').hide();\n\t\t\t\t\tjQuery('.rezeptpfrei_field').show();\n\t\t\t\t}\n\t\t\t\telse\n\t\t\t\t{\n\t\t\t\t\tjQuery('.rezeptpfrei_field').hide();\n\t\t\t\t\tjQuery('.rezeptpflichtig_field').show();\n\t\t\t\t}\n\t\t\t\t\n\t\t\t\treturn false;\n\t\t\t})\n\t\t\t\n\t\t\tjQuery('.radio_option a').bind('click', function(){\n\t\t\t\t\n\t\t\t\t\n\t\t\t\tvar arrLinks = jQuery(this).parent().find('a')\n\t\t\t\tvar formField = jQuery(this).parent().parent().find('input')\n\t\t\t\t\n\t\t\t\tarrLinks.each(function(index){\n\t\t\t\t\tif (jQuery(this).hasClass('active')) jQuery(this).removeClass('active');\n\t\t\t\t})\n\t\t\t\t\n\t\t\t\tjQuery(this).addClass('active');\n\t\t\t\t\n\t\t\t\tjQuery(formField).val(jQuery(this).attr('href'));\n\t\t\t\t\n\t\t\t\treturn false;\n\t\t\t\t\t\n\t\t\t});\n\t\t\t\n\t\t\t\t\t\t\n\t\t})\n\t\t\n\t\tfunction performClick(elemId)\n\t\t{\n\t\t   var elem = document.getElementById(elemId);\n\t\t   \n\t\t   if(elem && document.createEvent)\n\t\t   {\n\t\t      var evt = document.createEvent(\"MouseEvents\");\n\t\t      \n\t\t      evt.initEvent(\"click\", true, false);\n\t\t      elem.dispatchEvent(evt);\n\t\t   }\n\t\t}\n\t\t\n\t\tfunction changeFileName()\n\t\t{\n\t\t\tjQuery('#theFile').change(function(){\n\t\t\t\tjQuery('#rezeptpflichtig_filename').val(jQuery('#theFile').val());\t\n\t\t\t})\n\t\t}\n\t\t\n\t\tfunction m1_checkFields(formid) {\n\t\t\t\n\t\t\tvar bError = false;\n\t\t\t\n\t\t\tjQuery('#' + formid + ' .m1_require input').each(function() {\n\t\t\t\t\n\t\t\t\tif (jQuery(this).val() == '')\n\t\t\t\t{\n\t\t\t\t\t\n\t\t\t\t\tjQuery(this).addClass('error');\t\t\n\t\t\t\t\tjQuery(this).parents('.m1_require').find('.error_hint').show();\n\t\t\t\t\t\n\t\t\t\t\tbError = true;\n\t\t\t\t\t\t\n\t\t\t\t}\n\t\t\t\telse\n\t\t\t\t{\n\t\t\t\t\t\n\t\t\t\t\tjQuery(this).removeClass('error');\n\t\t\t\t\tjQuery(this).parents('.m1_require').find('.error_hint').hide();\n\t\t\t\t\t\n\t\t\t\t}\n\t\t\t\t\n\t\t\t} );\n\t\t \n\t\t\tif (bError) \n\t\t\t{\n\t\t\t\t\n\t\t\t\tjQuery('input.error').first().focus();\n\t\t\t\treturn false;\n\t\t\t\t\n\t\t\t}\n\t\t\telse return true;\n\t\t\t\n\t\t}\n\t\n\t<\/script>\n\t\n\t\t\n\t<div id=\"tabbar\">\n\t\t<a href=\"#\" id=\"tab-rezeptpflichtig\" class=\"left active\">Rezeptpflichtig<\/a>\n\t\t<a href=\"#\" id=\"tab-rezeptfrei\" class=\"right\">Rezeptfrei<\/a>\n\t<\/div>\n\t<div class=\"clear\"><\/div>\n\t\t\n\t<form id=\"rezeptpflichtig\" action=\"#ora_rezeptform_wrap\" method=\"post\" enctype=\"multipart\/form-data\" onsubmit=\"return m1_checkFields('rezeptpflichtig');\">\n\t\t\n      <input type=\"hidden\" name=\"hash\" value=\"70a7d17118d349c3a124bf655d782215\" \/>\n\n      <textarea name=\"text\" class=\"formt\"><\/textarea>\n      <input type=\"text\" name=\"name\" value=\"\" class=\"formt\" \/>\n\n\t\t<div class=\"form_col1 left\">\n\t\t\t\n\t\t\t<div style=\"display:none;\" class=\"form_field text_field rezeptpfrei_field\">\n\t\t\t\t<label>Medikament\/ Meine W\u00fcnsche<\/label><br \/>\n\t\t\t\t<input type=\"text\" name=\"rezeptfrei[wunsch]\" value=\"\" \/>\n\t\t\t<\/div>\n\t\t\t\n\t\t\t<div class=\"form_field upload_field rezeptpflichtig_field\">\n\t\t\t\t<label>Laden Sie ein Rezeptbild hoch<\/label><br \/>\n\t\t\t\t<input id=\"rezeptpflichtig_filename\" class=\"left\" type=\"text\" name=\"rezeptpflichtig[filename]\" readonly \/>\n\t\t\t\t<a id=\"filebrowse\" class=\"left\" href=\"#\" onclick=\"performClick('theFile'); return false;\">Hochladen<\/a>\n\t\t\t\t<input style=\"display:none;\" type=\"file\" id=\"theFile\" name=\"rezeptpflichtig[file]\" onchange=\"changeFileName();\" \/>\n\t\t\t<\/div>\n\t\t\t<div class=\"clear\"><\/div>\n\t\t\t\n\t\t\t<div class=\"form_field text_field  rezeptpflichtig_field\">\n\t\t\t\t<label>Medikament \/ Meine W\u00fcnsche<\/label><br \/>\n\t\t\t\t<input type=\"text\" name=\"rezeptpflichtig[wunsch]\" value=\"\" \/>\n\t\t\t<\/div>\n\t\t\t<div class=\"clear\"><\/div>\n\t\t\t\n\t\t\t<div class=\"form_field radio_field  rezeptpflichtig_field\">\n\t\t\t\t<label>AUT-Idem angekreuzt<\/label><br \/>\n\t\t\t\t<div class=\"radio_option\">\n\t\t\t\t\t<a class=\"radio_button\" href=\"1\"><span>JA<\/span><\/a>\n\t\t\t\t\t<a class=\"radio_button active\" href=\"0\"><span>NEIN<\/span><\/a>\n\t\t\t\t<\/div>\n\t\t\t\t<input id=\"rezeptpflichtig_idem\" type=\"hidden\" name=\"rezeptpflichtig[idem]\" value=\"0\" \/>\n\t\t\t<\/div>\n\t\t\t<div class=\"clear\"><\/div>\n\t\t\t\n\t\t\t<div class=\"form_field radio_field  rezeptpflichtig_field rezeptpflichtig_versicherung_field\">\n\t\t\t\t<label>Art der Versicherung<\/label><br \/>\n\t\t\t\t<div class=\"radio_option\">\n\t\t\t\t\t<a class=\"radio_button active\" href=\"1\"><span>GESETZLICH<\/span><\/a>\n\t\t\t\t\t<a class=\"radio_button\" href=\"0\"><span>PRIVAT<\/span><\/a>\n\t\t\t\t<\/div>\n\t\t\t\t<input id=\"rezeptpflichtig_versicherung\" type=\"hidden\" name=\"rezeptpflichtig[versicherung]\" value=\"1\" \/>\n\t\t\t<\/div>\n\t\t\t<div class=\"clear\"><\/div>\n\t\t\t\n\t\t\t<div class=\"form_field text_field  rezeptpflichtig_field\">\n\t\t\t\t<label>Kassen Nr.<\/label><br \/>\n\t\t\t\t<input type=\"text\" name=\"rezeptpflichtig[kassen-nr]\" value=\"\" \/>\n\t\t\t<\/div>\n\t\t\t<div class=\"clear\"><\/div>\n\t\t\t\n\t\t\t<div class=\"form_field radio_field  rezeptpflichtig_field\">\n\t\t\t\t<label>Befreiung von Zuzahlung<\/label><br \/>\n\t\t\t\t<div class=\"radio_option\">\n\t\t\t\t\t<a class=\"radio_button\" href=\"1\"><span>JA<\/span><\/a>\n\t\t\t\t\t<a class=\"radio_button active\" href=\"0\"><span>NEIN<\/span><\/a>\n\t\t\t\t<\/div>\n\t\t\t\t<input id=\"rezeptpflichtig_zuzahlung\" type=\"hidden\" name=\"rezeptpflichtig[zuzahlung]\" value=\"0\" \/>\n\t\t\t<\/div>\n\t\t\t<div class=\"clear\"><\/div>\n\t\t<\/div>\n\t\t\n\t\t<div class=\"form_col2 left\">\n\t\t\t<div class=\"form_field text_field m1_require\">\n\t\t\t\t<label>Name\/ Vorname*<\/label><br \/>\n\t\t\t\t<div style=\"display:none;\" class=\"error_hint\">Dieses Feld darf nicht leer sein!<\/div>\t\t\t\t\n\t\t\t\t<input type=\"text\" name=\"rezeptpflichtig[name]\" value=\"\"  \/>\n\t\t\t<\/div>\n\t\t\t<div class=\"clear\"><\/div>\n\t\t\t\n\t\t\t<div class=\"form_field text_field m1_require\">\n\t\t\t\t<label>Stra\u00dfe und Hausnummer*<\/label><br \/>\n\t\t\t\t<div style=\"display:none;\" class=\"error_hint\">Dieses Feld darf nicht leer sein!<\/div>\t\t\t\t\n\t\t\t\t<input type=\"text\" name=\"rezeptpflichtig[address]\" value=\"\"  \/>\n\t\t\t<\/div>\n\t\t\t<div class=\"clear\"><\/div>\n\t\t\t\n\t\t\t<div class=\"form_field text_field\">\n\t\t\t\t<label>Telefon<\/label><br \/>\n\t\t\t\t<input type=\"text\" name=\"rezeptpflichtig[phone]\" value=\"\" \/>\n\t\t\t<\/div>\n\t\t\t<div class=\"clear\"><\/div>\n\t\t\t\n\t\t\t<div class=\"form_field text_field m1_require\">\n\t\t\t\t<label>E-Mail*<\/label><br \/>\n\t\t\t\t<div style=\"display:none;\" class=\"error_hint\">Dieses Feld darf nicht leer sein!<\/div>\t\t\t\t\n\t\t\t\t<input type=\"text\" name=\"rezeptpflichtig[email]\" value=\"\"  \/>\n\t\t\t<\/div>\n\t\t\t<div class=\"clear\"><\/div>\n\t\t\t\n\t\t\t<div class=\"form_field text_field m1_require\">\n\t\t\t\t<label>PLZ\/ Ort*<\/label><br \/>\n\t\t\t\t<div style=\"display:none;\" class=\"error_hint\">Dieses Feld darf nicht leer sein!<\/div>\t\t\t\t\n\t\t\t\t<input type=\"text\" name=\"rezeptpflichtig[plz-ort]\" value=\"\"  \/>\n\t\t\t<\/div>\n\t\t\t<div class=\"clear\"><\/div>\n\t\t\t\n\t\t\t<div class=\"form_field text_field\">\n\t\t\t\t<label>Abholtermin<\/label><br \/>\n\t\t\t\t<input id=\"day\" type=\"text\" name=\"rezeptpflichtig[dd]\" maxlength=\"2\" value=\"\"\/>\n\t\t\t\t<input id=\"month\" type=\"text\" name=\"rezeptpflichtig[mm]\" maxlength=\"2\" value=\"\" \/>\n\t\t\t\t<input id=\"year\" type=\"text\" name=\"rezeptpflichtig[yy]\" maxlength=\"4\" value=\"\" \/>\n\t\t\t<\/div>\n\t\t\t\n\t\t\t<span style=\"display:block; color:#ffffff; margin-top:10px; margin-left:60px;\">Felder mit * sind Pfilichtangaben! <br \/>Bitte beachten Sie, dass Ihre Daten gem\u00e4\u00df unseren <a href=\"\/datenschutz\/\">Datenschutzbestimmungen<\/a> gespeichert werden<\/span>\n\t\t\t\n\t\t\t<div class=\"form_field submit_field\">\n\t\t\t\t<input id=\"rezeptpflichtig_submit\" class=\"form_button\" type=\"submit\" name=\"rezeptpflichtig[submit]\" value=\"Abschicken\" \/>\n\t\t\t<\/div>\n\t\t<\/div>\n\t\t<div class=\"clear\"><\/div>\t\n\t<\/form>\n\t\n<\/div>\n\n<div id=\"ora_rezeptform_wrap_mobile\">\n\t\n\t<script type=\"text\/javascript\">\n\t\t\n\t\tjQuery(document).ready(function(){\n\t\t\t\n\t\t\tchangeFileName();\n\t\t\t\n\t\t\tjQuery('.radio_option a').bind('click', function(){\n\t\t\t\t\n\t\t\t\t\n\t\t\t\tvar arrLinks = jQuery(this).parent().find('a')\n\t\t\t\tvar formField = jQuery(this).parent().parent().find('input')\n\t\t\t\t\n\t\t\t\tarrLinks.each(function(index){\n\t\t\t\t\tif (jQuery(this).hasClass('active')) jQuery(this).removeClass('active');\n\t\t\t\t})\n\t\t\t\t\n\t\t\t\tjQuery(this).addClass('active');\n\t\t\t\t\n\t\t\t\tjQuery(formField).val(jQuery(this).attr('href'));\n\t\t\t\t\n\t\t\t\treturn false;\n\t\t\t\t\t\n\t\t\t})\n\t\t\t\n\t\t\t\/\/ Formular umschalten\n\t\t\tjQuery('#mobile-tab-rezeptfrei').bind('click', function(){\n\n\t\t\t\tjQuery('#mobile-tab-rezeptpflichtig').removeClass('active');\n\t\t\t\tjQuery('#mobile-form-rezeptpflichtig').hide('slow');\n\n\t\t\t\tjQuery(this).addClass('active');\n\t\t\t\tjQuery('#rezeptfrei').show('slow');\n\t\t\t\t\n\t\t\t\treturn false;\n\n\t\t\t})\n\t\t\t\n\t\t\tjQuery('#mobile-tab-rezeptpflichtig').bind('click', function(){\n\n\t\t\t\tjQuery('#mobile-tab-rezeptfrei').removeClass('active');\n\t\t\t\tjQuery('#rezeptfrei').hide('slow');\n\n\t\t\t\tjQuery(this).addClass('active');\n\t\t\t\tjQuery('#mobile-form-rezeptpflichtig').show('slow');\n\t\t\t\t\n\t\t\t\treturn false;\n\t\n\t\t\t})\n\t\t})\n\t\t\n\t\tfunction performClick(elemId)\n\t\t{\n\t\t   var elem = document.getElementById(elemId);\n\t\t   \n\t\t   if(elem && document.createEvent)\n\t\t   {\n\t\t      var evt = document.createEvent(\"MouseEvents\");\n\t\t      \n\t\t      evt.initEvent(\"click\", true, false);\n\t\t      elem.dispatchEvent(evt);\n\t\t   }\n\t\t}\n\t\t\n\t\tfunction changeFileName()\n\t\t{\n\t\t\tjQuery('#theFile').change(function(){\n\t\t\t\tjQuery('#rezeptpflichtig_filename').val(jQuery('#theFile').val());\t\n\t\t\t})\n\t\t}\n\t\n\t<\/script>\n\t\n\t\t\n\t<a href=\"#\" id=\"mobile-tab-rezeptpflichtig\" class=\"ora_button active\">Rezeptpflichtig<\/a>\n\t\t\n\t<form id=\"mobile-form-rezeptpflichtig\" action=\"\" method=\"post\" enctype=\"multipart\/form-data\">\n\t\t\t\n      <input type=\"hidden\" name=\"hash\" value=\"70a7d17118d349c3a124bf655d782215\" \/>\n\n      <textarea name=\"text\" class=\"formt\"><\/textarea>\n      <input type=\"text\" name=\"name\" value=\"\" class=\"formt\" \/>\n\n\t\t<div style=\"display:none;\" class=\"form_field text_field rezeptpfrei_field\">\n\t\t\t<label>Medikament\/ Meine W\u00fcnsche<\/label><br \/>\n\t\t\t<input type=\"text\" name=\"rezeptfrei[wunsch]\" value=\"\" \/>\n\t\t<\/div>\n\t\t\n\t\t<div class=\"form_field upload_field rezeptpflichtig_field\">\n\t\t\t<label>Laden Sie ein Rezeptbild hoch<\/label><br \/>\n\t\t\t<input id=\"rezeptpflichtig_filename\" class=\"left\" type=\"text\" name=\"rezeptpflichtig[filename]\" readonly \/>\n\t\t\t<a id=\"filebrowse\" class=\"left\" href=\"#\" onclick=\"performClick('theFile'); return false;\">Hochladen<\/a>\n\t\t\t<input style=\"display:none;\" type=\"file\" id=\"theFile\" name=\"rezeptpflichtig[file]\" onchange=\"changeFileName();\" \/>\n\t\t<\/div>\n\t\t<div class=\"clear\"><\/div>\n\t\t\n\t\t<div class=\"form_field text_field  rezeptpflichtig_field\">\n\t\t\t<label>Medikament \/ Meine W\u00fcnsche<\/label><br \/>\n\t\t\t<input type=\"text\" name=\"rezeptpflichtig[wunsch]\" value=\"\" \/>\n\t\t<\/div>\n\t\t<div class=\"clear\"><\/div>\n\t\t\n\t\t<div class=\"form_field radio_field  rezeptpflichtig_field\">\n\t\t\t<label>Aut-Idem angekreuzt<\/label><br \/>\n\t\t\t<div class=\"radio_option\">\n\t\t\t\t<a class=\"radio_button\" href=\"1\"><span>JA<\/span><\/a>\n\t\t\t\t<a class=\"radio_button\" href=\"0\"><span>NEIN<\/span><\/a>\n\t\t\t<\/div>\n\t\t\t<input id=\"rezeptpflichtig_idem\" type=\"hidden\" name=\"rezeptpflichtig[idem]\" value=\"\" \/>\n\t\t<\/div>\n\t\t<div class=\"clear\"><\/div>\n\t\t\n\t\t<div class=\"form_field radio_field  rezeptpflichtig_field\">\n\t\t\t<label>Art der Versicherung<\/label><br \/>\n\t\t\t<div class=\"radio_option\">\n\t\t\t\t<a class=\"radio_button\" href=\"1\"><span>GESETZLICH<\/span><\/a>\n\t\t\t\t<a class=\"radio_button\" href=\"0\"><span>PRIVAT<\/span><\/a>\n\t\t\t<\/div>\n\t\t\t<input id=\"rezeptpflichtig_versicherung\" type=\"hidden\" name=\"rezeptpflichtig[versicherung]\" value=\"1\" \/>\n\t\t<\/div>\n\t\t<div class=\"clear\"><\/div>\n\t\t\n\t\t<div class=\"form_field text_field  rezeptpflichtig_field\">\n\t\t\t<label>Kassen Nr.<\/label><br \/>\n\t\t\t<input type=\"text\" name=\"rezeptpflichtig[kassen-nr]\" value=\"\" \/>\n\t\t<\/div>\n\t\t<div class=\"clear\"><\/div>\n\t\t\n\t\t<div class=\"form_field radio_field  rezeptpflichtig_field\">\n\t\t\t<label>Befreiung von Zuzahlung<\/label><br \/>\n\t\t\t<div class=\"radio_option\">\n\t\t\t\t<a class=\"radio_button\" href=\"1\"><span>JA<\/span><\/a>\n\t\t\t\t<a class=\"radio_button\" href=\"0\"><span>NEIN<\/span><\/a>\n\t\t\t<\/div>\n\t\t\t<input id=\"rezeptpflichtig_zuzahlung\" type=\"hidden\" name=\"rezeptpflichtig[zuzahlung]\" value=\"\" \/>\n\t\t<\/div>\n\t\t<div class=\"clear\"><\/div>\n\n\t\t<div class=\"form_field text_field \">\n\t\t\t<label>Name\/ Vorname*<\/label><br \/>\n\t\t\t\t\t\t<input type=\"text\" name=\"rezeptpflichtig[name]\" value=\"\"  \/>\n\t\t<\/div>\n\t\t<div class=\"clear\"><\/div>\n\t\t\n\t\t<div class=\"form_field text_field\">\n\t\t\t<label>Stra\u00dfe und Hausnummer*<\/label><br \/>\n\t\t\t\t\t\t<input type=\"text\" name=\"rezeptpflichtig[address]\" value=\"\"  \/>\n\t\t<\/div>\n\t\t<div class=\"clear\"><\/div>\n\t\t\n\t\t<div class=\"form_field text_field\">\n\t\t\t<label>Telefon<\/label><br \/>\n\t\t\t<input type=\"text\" name=\"rezeptpflichtig[phone]\" value=\"\" \/>\n\t\t<\/div>\n\t\t<div class=\"clear\"><\/div>\n\t\t\n\t\t<div class=\"form_field text_field\">\n\t\t\t<label>E-Mail*<\/label><br \/>\n\t\t\t\t\t\t<input type=\"text\" name=\"rezeptpflichtig[email]\" value=\"\"  \/>\n\t\t<\/div>\n\t\t<div class=\"clear\"><\/div>\n\t\t\n\t\t<div class=\"form_field text_field\">\n\t\t\t<label>PLZ\/ Ort*<\/label><br \/>\n\t\t\t\t\t\t<input type=\"text\" name=\"rezeptpflichtig[plz-ort]\" value=\"\"  \/>\n\t\t<\/div>\n\t\t<div class=\"clear\"><\/div>\n\t\t\n\t\t<div class=\"form_field text_field\">\n\t\t\t<label>Abholtermin<\/label><br \/>\n\t\t\t<input id=\"day\" type=\"text\" name=\"rezeptpflichtig[dd]\" maxlength=\"2\" value=\"\"\/>\n\t\t\t<input id=\"month\" type=\"text\" name=\"rezeptpflichtig[mm]\" maxlength=\"2\" value=\"\" \/>\n\t\t\t<input id=\"year\" type=\"text\" name=\"rezeptpflichtig[yy]\" maxlength=\"4\" value=\"\" \/>\n\t\t<\/div>\n\t\t<div class=\"clear\"><\/div>\n\t\t\n\t\t<span style=\"display:block; color:#ffffff; font-size:0.8rem; margin-top:10px; margin-left:20px;\">Felder mit * sind Pfilichtangaben!<\/span>\n\t\t\n\t\t<div class=\"form_field submit_field\">\n\t\t\t<input id=\"rezeptpflichtig_submit\" class=\"form_button\" type=\"submit\" name=\"rezeptpflichtig[submit]\" value=\"Abschicken\" \/>\n\t\t\t<div class=\"clear\"><\/div>\n\t\t<\/div>\n\t\t\n\t<\/form>\n\t\n\t\t<a href=\"#\" id=\"mobile-tab-rezeptfrei\" class=\"ora_button\">Rezeptfrei<\/a>\n\t\n\t<form style=\"display:none;\" id=\"rezeptfrei\" action=\"\" method=\"post\" enctype=\"multipart\/form-data\">\n\t\t\t\n\t\t<div class=\"form_field text_field rezeptpfrei_field\">\n\t\t\t<label>Medikament\/ Meine W\u00fcnsche<\/label><br \/>\n\t\t\t<input type=\"text\" name=\"rezeptpfrei[wunsch]\" value=\"\" \/>\n\t\t<\/div>\n\n\t\t<div class=\"form_field text_field \">\n\t\t\t<label>Name\/ Vorname*<\/label><br \/>\n\t\t\t\t\t\t<input type=\"text\" name=\"rezeptpflichtig[name]\" value=\"\"  \/>\n\t\t<\/div>\n\t\t<div class=\"clear\"><\/div>\n\t\t\n\t\t<div class=\"form_field text_field\">\n\t\t\t<label>Stra\u00dfe und Hausnummer*<\/label><br \/>\n\t\t\t\t\t\t<input type=\"text\" name=\"rezeptpflichtig[address]\" value=\"\"  \/>\n\t\t<\/div>\n\t\t<div class=\"clear\"><\/div>\n\t\t\n\t\t<div class=\"form_field text_field\">\n\t\t\t<label>Telefon<\/label><br \/>\n\t\t\t<input type=\"text\" name=\"rezeptpflichtig[phone]\" value=\"\" \/>\n\t\t<\/div>\n\t\t<div class=\"clear\"><\/div>\n\t\t\n\t\t<div class=\"form_field text_field\">\n\t\t\t<label>E-Mail*<\/label><br \/>\n\t\t\t\t\t\t<input type=\"text\" name=\"rezeptpflichtig[email]\" value=\"\"  \/>\n\t\t<\/div>\n\t\t<div class=\"clear\"><\/div>\n\t\t\n\t\t<div class=\"form_field text_field\">\n\t\t\t<label>PLZ\/ Ort*<\/label><br \/>\n\t\t\t\t\t\t<input type=\"text\" name=\"rezeptpflichtig[plz-ort]\" value=\"\"  \/>\n\t\t<\/div>\n\t\t<div class=\"clear\"><\/div>\n\t\t\n\t\t<div class=\"form_field text_field\">\n\t\t\t<label>Abholtermin<\/label><br \/>\n\t\t\t<input id=\"day\" type=\"text\" name=\"rezeptpflichtig[dd]\" maxlength=\"2\" value=\"\"\/>\n\t\t\t<input id=\"month\" type=\"text\" name=\"rezeptpflichtig[mm]\" maxlength=\"2\" value=\"\" \/>\n\t\t\t<input id=\"year\" type=\"text\" name=\"rezeptpflichtig[yy]\" maxlength=\"4\" value=\"\" \/>\n\t\t<\/div>\n\t\t<div class=\"clear\"><\/div>\n\t\t\n\t\t<span style=\"display:block; color:#ffffff; font-size:0.8rem; margin-top:10px; margin-left:20px;\">Felder mit * sind Pfilichtangaben!<\/span>\n\t\t\n\t\t<div class=\"form_field submit_field\">\n\t\t\t<input id=\"rezeptpflichtig_submit\" class=\"form_button\" type=\"submit\" name=\"rezeptpflichtig[submit]\" value=\"Abschicken\" \/>\n\t\t<\/div>\n\t\t<div class=\"clear\"><\/div>\n\t<\/form>\n\t\n<\/div>\n<p>&nbsp;<\/p>\n<p>[\/vc_column_text][\/vc_column][\/vc_row][vc_row][vc_column][vc_row_inner el_class=&#8220;white-right-bottom&#8220; css=&#8220;.vc_custom_1434458772645{margin-bottom: 100px !important;}&#8220;][vc_column_inner][\/vc_column_inner][\/vc_row_inner][\/vc_column][\/vc_row][vc_row el_class=&#8220;bgwhite&#8220;][vc_column][vc_row_inner el_class=&#8220;lemontree-right&#8220;][vc_column_inner][\/vc_column_inner][\/vc_row_inner][vc_row_inner el_class=&#8220;page&#8220;][vc_column_inner][vc_column_text]<\/p>\n<h1 id=\"nav_hinweis\">Hinweis<\/h1>\n<p>Bitte f\u00fcllen Sie unbedingt die obigen Felder vollst\u00e4ndig aus, damit wir Ihre vorbestellten Arzneimittel bereitstellen k\u00f6nnen. <a href=\"https:\/\/orangerie-apotheke.de\/index.php\/nichtlieferbarkeit\/\">Nichtlieferbarkeit?<\/a>[\/vc_column_text][\/vc_column_inner][\/vc_row_inner][\/vc_column][\/vc_row][vc_row][vc_column][vc_row_inner el_class=&#8220;white-left-bottom&#8220;][vc_column_inner][\/vc_column_inner][\/vc_row_inner][vc_single_image image=&#8220;64&#8243; img_size=&#8220;full&#8220; el_class=&#8220;fullscale&#8220;][\/vc_column][\/vc_row]<\/p>\n<\/div>","protected":false},"excerpt":{"rendered":"<p>[vc_row el_class=&#8220;bgwhite&#8220;][vc_column][vc_row_inner el_class=&#8220;page&#8220;][vc_column_inner][vc_column_text css=&#8220;&#8220;] Willkommen Unsere Internetseite ist ein Spiegel unserer Apotheke und zeigt unsere Begeisterung f\u00fcr unseren Beruf. Wir sind mit Leib und Seele dabei. Wir geben Ihnen unser Wissen, unsere Empathie, unsere Zeit und Aufmerksamkeit. Sie sind uns wichtig. Und wir m\u00f6chten es auch f\u00fcr Sie sein. Herzlich Willkommen. &nbsp; Geben Sie sich [&hellip;]<\/p>\n","protected":false},"author":4,"featured_media":0,"parent":0,"menu_order":100,"comment_status":"open","ping_status":"closed","template":"","meta":{"_acf_changed":false,"footnotes":""},"class_list":["post-2","page","type-page","status-publish","hentry"],"acf":[],"_links":{"self":[{"href":"https:\/\/orangerie-apotheke.de\/index.php\/wp-json\/wp\/v2\/pages\/2","targetHints":{"allow":["GET"]}}],"collection":[{"href":"https:\/\/orangerie-apotheke.de\/index.php\/wp-json\/wp\/v2\/pages"}],"about":[{"href":"https:\/\/orangerie-apotheke.de\/index.php\/wp-json\/wp\/v2\/types\/page"}],"author":[{"embeddable":true,"href":"https:\/\/orangerie-apotheke.de\/index.php\/wp-json\/wp\/v2\/users\/4"}],"replies":[{"embeddable":true,"href":"https:\/\/orangerie-apotheke.de\/index.php\/wp-json\/wp\/v2\/comments?post=2"}],"version-history":[{"count":185,"href":"https:\/\/orangerie-apotheke.de\/index.php\/wp-json\/wp\/v2\/pages\/2\/revisions"}],"predecessor-version":[{"id":46361,"href":"https:\/\/orangerie-apotheke.de\/index.php\/wp-json\/wp\/v2\/pages\/2\/revisions\/46361"}],"wp:attachment":[{"href":"https:\/\/orangerie-apotheke.de\/index.php\/wp-json\/wp\/v2\/media?parent=2"}],"curies":[{"name":"wp","href":"https:\/\/api.w.org\/{rel}","templated":true}]}}