{"id":711,"date":"2016-03-22T12:18:05","date_gmt":"2016-03-22T11:18:05","guid":{"rendered":"https:\/\/orangerie-apotheke.de\/?page_id=711"},"modified":"2016-04-11T09:37:33","modified_gmt":"2016-04-11T07:37:33","slug":"homoeopathie","status":"publish","type":"page","link":"https:\/\/orangerie-apotheke.de\/index.php\/schwerpunkte\/homoeopathie\/","title":{"rendered":"Hom\u00f6opathie"},"content":{"rendered":"<p>Wir halten ein umfangreiches, st\u00e4ndig wachsendes Sortiment an hom\u00f6opathischen Arzneien f\u00fcr Sie vorr\u00e4tig. Momentan verf\u00fcgen wir \u00fcber mehrere Hundert verschiedene Einzelmittel, gr\u00f6\u00dftenteils in Globuliform und jeweils vorr\u00e4tig in den 4 g\u00e4ngigsten Potenzen D6 \/ D12 \/ C12 \/ C30. Ausgew\u00e4hlte Hom\u00f6opathie auch in C200 \/ C1000 \/ C10 000.<br \/>\nVorr\u00e4tig sind auch miasmatische Mittel.<\/p>\n<p>Wir arbeiten mit den hom\u00f6opathischen, handversch\u00fcttelten Einzelmittel der Firma Remedia.<br \/>\nwie auch mit den hom\u00f6opathischen Komplexmitteln der Firmen<\/p>\n<ul>\n<li>WALA<\/li>\n<li>Weleda<\/li>\n<li>Heel<\/li>\n<li>Hevert<\/li>\n<\/ul>\n<p>Gew\u00fcnschte Aufpotenzierungen nehmen wir per Hand nach HAB vor mit anschlie\u00dfender energetischer Reinigung und feinstofflicher Energetisierung.<\/p>\n<p>Die Hom\u00f6opathie wurde von Samuel Hahnemann (s\u00e4chsischer Arzt und Chemiker 1775-1843) v\u00f6llig neu wiederentdeckt. Er erforschte sie so pr\u00e4zise wie nie zuvor. Sie ist ein g\u00f6ttliches Urprinzip, welches schon im Alten Indien wie auch bei Hippokrates und Paracelsus bekannt war. Hom\u00f6opathie bedeutet Heilung nach dem \u00c4hnlichkeitsprinzip \u2013 similia similibus curentur und das hei\u00dft: Heile eine Krankheit durch ein Mittel, das bei einem Gesunden \u00e4hnliche Erscheinungen hervorrufen w\u00fcrde. Rege durch ein solches Mittel \u2013 in geeigneter Dosis &#8211; die k\u00f6rpereigenen Kr\u00e4fte (Selbstheilungskr\u00e4fte) zu geordneter, gesunder Funktion an. (A. Klinger).<\/p>\n<p>Hom\u00f6opathisch ist ein Arzneimittel nicht durch seine pflanzliche oder mineralische Herkunft, auch nicht durch Potenzieren. Diese Prinzipien machen sich auch andere Heilmethoden zu nutze. Hom\u00f6opathisch wird ein Mittel durch seine spezielle Auswahl.<\/p>\n<p>Diese erfolgt nach der Beziehung des Mittels zur Individualit\u00e4t des jeweiligen Menschen und seine Symptom-Muster. Wissen Sie, was sich hinter D-, C-, LM-Potenzen verbirgt?<\/p>\n<p>Die Begriffe Potenz und Potenzieren \u2013 was genau steht dahinter? Der Vorgang des Potenzierens l\u00e4sst sich so schildern: 1 Teil einer Substanz wird mit 9 Teilen Wasser verd\u00fcnnt und danach rhythmisch gesch\u00fcttelt. Die entstehende Mischung nennt man eine \u201eD1\u201c, wobei das \u201eD\u201c f\u00fcr das Verd\u00fcnnungsverh\u00e4ltnis (Decem=10) steht und die Zahl dahinter die Anzahl der durchgef\u00fchrten Potenzierungen benennt. Verd\u00fcnnt man die D1 dann wiederum im gleichen Verh\u00e4ltnis und sch\u00fcttelt erneut, so erh\u00e4lt man eine \u201eD2\u201c und so weiter.<br \/>\nEbenso verh\u00e4lt es sich mit den C-Potenzen. \u201eC\u201c steht f\u00fcr das Verd\u00fcnnungsverh\u00e4ltnis 1:100 (Centesimal).<br \/>\nLM-Potenzen f\u00fcr das Verh\u00e4ltnis: 1:50 000<\/p>\n<p>Hahnemann arbeitete ausschlie\u00dflich mit C- und LM-Potenzen. Die D-Potenzen wurden durch den Arzt Dr. Constantin Hering eingef\u00fchrt.<br \/>\nDie Potenzierung ist nicht nur ein mathematischer Prozess. Die aus den Kr\u00e4ften des Kosmos entstandene Pflanze, Mineral etc. wird durch den Menschen wieder ihrer Form entbunden. Das Wesen der Substanz wuchs urspr\u00fcnglich in die reine Materie hinein und bildete die Pflanze, das Mineral etc. Nun wird es aus dieser Materie wieder befreit. Das Wesen der Substanz ergie\u00dft sich in die Tr\u00e4gersubstanz und belebt sie mit ihren (heilenden) Kr\u00e4ften. Der Geist der Pflanze, des Minerals etc. l\u00f6st sich v\u00f6llig vom Stofflichen und findet in die geistige Lebendigkeit zur\u00fcck, wo sie urspr\u00fcnglich herkam.<\/p>\n","protected":false},"excerpt":{"rendered":"<p>Wir halten ein umfangreiches, st\u00e4ndig wachsendes Sortiment an hom\u00f6opathischen Arzneien f\u00fcr Sie vorr\u00e4tig. Momentan verf\u00fcgen wir \u00fcber mehrere Hundert verschiedene Einzelmittel, gr\u00f6\u00dftenteils in Globuliform und jeweils vorr\u00e4tig in den 4 g\u00e4ngigsten Potenzen D6 \/ D12 \/ C12 \/ C30. Ausgew\u00e4hlte Hom\u00f6opathie auch in C200 \/ C1000 \/ C10 000. Vorr\u00e4tig sind auch miasmatische Mittel. Wir [&hellip;]<\/p>\n","protected":false},"author":4,"featured_media":0,"parent":10,"menu_order":0,"comment_status":"open","ping_status":"closed","template":"","meta":{"_acf_changed":false,"footnotes":""},"class_list":["post-711","page","type-page","status-publish","hentry"],"acf":[],"_links":{"self":[{"href":"https:\/\/orangerie-apotheke.de\/index.php\/wp-json\/wp\/v2\/pages\/711","targetHints":{"allow":["GET"]}}],"collection":[{"href":"https:\/\/orangerie-apotheke.de\/index.php\/wp-json\/wp\/v2\/pages"}],"about":[{"href":"https:\/\/orangerie-apotheke.de\/index.php\/wp-json\/wp\/v2\/types\/page"}],"author":[{"embeddable":true,"href":"https:\/\/orangerie-apotheke.de\/index.php\/wp-json\/wp\/v2\/users\/4"}],"replies":[{"embeddable":true,"href":"https:\/\/orangerie-apotheke.de\/index.php\/wp-json\/wp\/v2\/comments?post=711"}],"version-history":[{"count":7,"href":"https:\/\/orangerie-apotheke.de\/index.php\/wp-json\/wp\/v2\/pages\/711\/revisions"}],"predecessor-version":[{"id":825,"href":"https:\/\/orangerie-apotheke.de\/index.php\/wp-json\/wp\/v2\/pages\/711\/revisions\/825"}],"up":[{"embeddable":true,"href":"https:\/\/orangerie-apotheke.de\/index.php\/wp-json\/wp\/v2\/pages\/10"}],"wp:attachment":[{"href":"https:\/\/orangerie-apotheke.de\/index.php\/wp-json\/wp\/v2\/media?parent=711"}],"curies":[{"name":"wp","href":"https:\/\/api.w.org\/{rel}","templated":true}]}}