{"id":714,"date":"2016-03-22T12:30:03","date_gmt":"2016-03-22T11:30:03","guid":{"rendered":"https:\/\/orangerie-apotheke.de\/?page_id=714"},"modified":"2023-12-05T16:16:44","modified_gmt":"2023-12-05T15:16:44","slug":"spagyrik","status":"publish","type":"page","link":"https:\/\/orangerie-apotheke.de\/index.php\/schwerpunkte\/spagyrik\/","title":{"rendered":"Spagyrik"},"content":{"rendered":"<h2>Die Alchemie des Lebens<\/h2>\n<p>Wir arbeiten mit den spagyrischen Mitteln der Firma ionis. Wir f\u00fchren das Vollsortiment der Firma ionis sowie der Mineralspagyrik der Firma Heidak.<\/p>\n<p>Spagyrische Essenzen k\u00f6nnen bei chronischen wie auch akuten Beschwerden eingesetzt werden.<\/p>\n<p>Es gibt f\u00fcr alle Beschwerden eine spagyrische Alternative. Spagyrische Essenzen k\u00f6nnen zu anderen Medikamenten parallel verabreicht werden. Sie f\u00f6rdern zus\u00e4tzlich die Entgiftung des K\u00f6rpers.<\/p>\n<p>Die Spagyrik ist ein uraltes, ganzheitliches Naturheilverfahren und folgt den Prinzipien der Hom\u00f6opathie, der Pflanzenheilkunde und der Alchemie. Die Alchemie strebt nach dem Einklang von Mensch und Natur und erforscht den Kosmos auf den Ebenen K\u00f6rper &#8211; Geist &#8211; Seele.<\/p>\n<p>Die spagyrische Herstellung basiert auf dem Prinzip TRENNEN (spao = ich trenne) und wieder ZUSAMMENF\u00dcGEN (ageiro = ich verbinde) und findet ihre Wurzeln in der vorchristlichen Zeit. Der bekannte Arzt Paracelsus (1493-1541) arbeitete bereits spagyrisch.<\/p>\n<p>Ziel der Spagyrik ist es, die Heilpflanzen so aufzubereiten, dass das vollst\u00e4ndige Potential der Pflanze gewonnen wird. Durch die spezielle Art der Herstellung bekommen die Heilmittel eine besondere Kraft.<\/p>\n","protected":false},"excerpt":{"rendered":"<p>Die Alchemie des Lebens Wir arbeiten mit den spagyrischen Mitteln der Firma ionis. Wir f\u00fchren das Vollsortiment der Firma ionis sowie der Mineralspagyrik der Firma Heidak. Spagyrische Essenzen k\u00f6nnen bei chronischen wie auch akuten Beschwerden eingesetzt werden. Es gibt f\u00fcr alle Beschwerden eine spagyrische Alternative. Spagyrische Essenzen k\u00f6nnen zu anderen Medikamenten parallel verabreicht werden. Sie [&hellip;]<\/p>\n","protected":false},"author":4,"featured_media":0,"parent":10,"menu_order":0,"comment_status":"open","ping_status":"closed","template":"","meta":{"_acf_changed":false,"footnotes":""},"class_list":["post-714","page","type-page","status-publish","hentry"],"acf":[],"_links":{"self":[{"href":"https:\/\/orangerie-apotheke.de\/index.php\/wp-json\/wp\/v2\/pages\/714","targetHints":{"allow":["GET"]}}],"collection":[{"href":"https:\/\/orangerie-apotheke.de\/index.php\/wp-json\/wp\/v2\/pages"}],"about":[{"href":"https:\/\/orangerie-apotheke.de\/index.php\/wp-json\/wp\/v2\/types\/page"}],"author":[{"embeddable":true,"href":"https:\/\/orangerie-apotheke.de\/index.php\/wp-json\/wp\/v2\/users\/4"}],"replies":[{"embeddable":true,"href":"https:\/\/orangerie-apotheke.de\/index.php\/wp-json\/wp\/v2\/comments?post=714"}],"version-history":[{"count":6,"href":"https:\/\/orangerie-apotheke.de\/index.php\/wp-json\/wp\/v2\/pages\/714\/revisions"}],"predecessor-version":[{"id":1154,"href":"https:\/\/orangerie-apotheke.de\/index.php\/wp-json\/wp\/v2\/pages\/714\/revisions\/1154"}],"up":[{"embeddable":true,"href":"https:\/\/orangerie-apotheke.de\/index.php\/wp-json\/wp\/v2\/pages\/10"}],"wp:attachment":[{"href":"https:\/\/orangerie-apotheke.de\/index.php\/wp-json\/wp\/v2\/media?parent=714"}],"curies":[{"name":"wp","href":"https:\/\/api.w.org\/{rel}","templated":true}]}}