{"id":716,"date":"2016-03-22T12:31:32","date_gmt":"2016-03-22T11:31:32","guid":{"rendered":"https:\/\/orangerie-apotheke.de\/?page_id=716"},"modified":"2016-04-11T10:24:58","modified_gmt":"2016-04-11T08:24:58","slug":"schuessler-salze","status":"publish","type":"page","link":"https:\/\/orangerie-apotheke.de\/index.php\/schwerpunkte\/schuessler-salze\/","title":{"rendered":"Sch\u00fc\u00dfler Salze"},"content":{"rendered":"<h2>Das Tor zu k\u00f6rperlicher und seelischer Gesundheit<\/h2>\n<p>Dr. Wilhelm Heinrich Sch\u00fc\u00dfler (1821-1898, hom\u00f6opathischer Arzt) konnte als Ergebnis seiner Forschungen 12 lebenswichtige Mineralsalze festlegen.<br \/>\nDie Sch\u00fc\u00dfler Salze sind mineralische Zellfunktionsmittel und geh\u00f6ren zur modernen Ganzheitsmedizin.<\/p>\n<p>Sie sind wichtige Regulationsmittel f\u00fcr eine intakte Zelle und gelten als Basis-Therapeutika zur Regulierung des inneren Milieus. Sie liegen wie Hom\u00f6opathika potenziert vor, unterscheiden sich aber generell von der Hom\u00f6opathie durch einen v\u00f6llig anderen Ansatz.<\/p>\n<p>Sie gelten als biochemische Erg\u00e4nzungsmittel. Fehlende Mineralstoffe werden durch feine Gaben erg\u00e4nzt, w\u00e4hrend in der Hom\u00f6opathie das Mittel nach dem \u00c4hnlichkeitsprinzip gew\u00e4hlt wird und ein Reiz gesetzt werden soll.<br \/>\nAuch die Einnahmemengen unterscheiden sich deutlich zwischen beiden Richtungen.<\/p>\n<p>Wir halten die 12 Basis- und 12 Erg\u00e4nzungssalze als Tabletten, Tropfen, lactosefreie Globulis in verschiedenen Packungsgr\u00f6\u00dfen von den Firmen Pfl\u00fcger, Remedia, Orthim und Ph\u00f6nix Laboratorium (spag.) vorr\u00e4tig. Ebenso erhalten Sie die auf 36 erweiterten Mineralsalze von Dr. Rosina Sonnenschmidt bei uns. Sch\u00fcssler Salzmischungen fertigen wir als individuelle Rezeptur f\u00fcr Sie an.<\/p>\n<p>Sch\u00fc\u00dfler Salz Beratungen und Antlitzdiagnose:<br \/>\nFrau Regina Boettcher f\u00fchrt als ausgebildete Sch\u00fc\u00dfler Salz Expertin qualifizierte Beratungen und Antlitzdiagnosen durch und erstellt f\u00fcr Sie ma\u00dfgeschneiderte Einnahmeempfehlungen. Haben wir Ihr Interesse geweckt?<\/p>\n","protected":false},"excerpt":{"rendered":"<p>Das Tor zu k\u00f6rperlicher und seelischer Gesundheit Dr. Wilhelm Heinrich Sch\u00fc\u00dfler (1821-1898, hom\u00f6opathischer Arzt) konnte als Ergebnis seiner Forschungen 12 lebenswichtige Mineralsalze festlegen. Die Sch\u00fc\u00dfler Salze sind mineralische Zellfunktionsmittel und geh\u00f6ren zur modernen Ganzheitsmedizin. Sie sind wichtige Regulationsmittel f\u00fcr eine intakte Zelle und gelten als Basis-Therapeutika zur Regulierung des inneren Milieus. Sie liegen wie Hom\u00f6opathika [&hellip;]<\/p>\n","protected":false},"author":4,"featured_media":0,"parent":10,"menu_order":0,"comment_status":"open","ping_status":"closed","template":"","meta":{"_acf_changed":false,"footnotes":""},"class_list":["post-716","page","type-page","status-publish","hentry"],"acf":[],"_links":{"self":[{"href":"https:\/\/orangerie-apotheke.de\/index.php\/wp-json\/wp\/v2\/pages\/716","targetHints":{"allow":["GET"]}}],"collection":[{"href":"https:\/\/orangerie-apotheke.de\/index.php\/wp-json\/wp\/v2\/pages"}],"about":[{"href":"https:\/\/orangerie-apotheke.de\/index.php\/wp-json\/wp\/v2\/types\/page"}],"author":[{"embeddable":true,"href":"https:\/\/orangerie-apotheke.de\/index.php\/wp-json\/wp\/v2\/users\/4"}],"replies":[{"embeddable":true,"href":"https:\/\/orangerie-apotheke.de\/index.php\/wp-json\/wp\/v2\/comments?post=716"}],"version-history":[{"count":6,"href":"https:\/\/orangerie-apotheke.de\/index.php\/wp-json\/wp\/v2\/pages\/716\/revisions"}],"predecessor-version":[{"id":807,"href":"https:\/\/orangerie-apotheke.de\/index.php\/wp-json\/wp\/v2\/pages\/716\/revisions\/807"}],"up":[{"embeddable":true,"href":"https:\/\/orangerie-apotheke.de\/index.php\/wp-json\/wp\/v2\/pages\/10"}],"wp:attachment":[{"href":"https:\/\/orangerie-apotheke.de\/index.php\/wp-json\/wp\/v2\/media?parent=716"}],"curies":[{"name":"wp","href":"https:\/\/api.w.org\/{rel}","templated":true}]}}