{"id":720,"date":"2016-04-06T12:00:34","date_gmt":"2016-04-06T10:00:34","guid":{"rendered":"https:\/\/orangerie-apotheke.de\/?page_id=720"},"modified":"2016-06-30T16:03:44","modified_gmt":"2016-06-30T14:03:44","slug":"kraeuterheilkunde-aetherische-oele","status":"publish","type":"page","link":"https:\/\/orangerie-apotheke.de\/index.php\/schwerpunkte\/kraeuterheilkunde-aetherische-oele\/","title":{"rendered":"Kr\u00e4uterheilkunde + \u00e4therische \u00d6le"},"content":{"rendered":"<p>Die Kr\u00e4uterheilkunde ist eine der \u00e4ltesten Therapieformen. Wir kennen sie nicht erst seit Paracelsus und Hildegard von Bingen. Unsere urzeitlichen Vorfahren nutzten schon die Kraft der Pflanzen.<\/p>\n<p>Unsere Apotheke verf\u00fcgt \u00fcber eine Vielzahl von Kr\u00e4utern in vorgeschriebener Apothekenqualit\u00e4t. Wir halten rund 200 verschiedene Einzelkr\u00e4uter vorr\u00e4tig, davon vorwiegend als Ware kontrolliert biologischen Anbaus (kbA). Wir bieten Ihnen Medizinal-Tees und Wellness-Tees an.<\/p>\n<p>Wir fertigen Teemischungen nach Deutschem Arzneibuch wie auch nach TCM (Traditioneller Chinesischer Medizin) in westlicher Tradition an.<\/p>\n<p>Im Angebot halten wir auch immer jahreszeitliche Teemischungen zur Unterst\u00fctzung Ihrer Gesundheit.<\/p>\n<p>Unsere Sommermischung enth\u00e4lt:<\/p>\n<p>Brombeerbl\u00e4tter\u00a0\u00a0\u00a0\u00a0\u00a0\u00a0\u00a0\u00a0\u00a0\u00a0\u00a0 10,0 g<br \/>\nHimbeerbl\u00e4tter\u00a0\u00a0\u00a0\u00a0\u00a0\u00a0\u00a0\u00a0\u00a0\u00a0\u00a0\u00a0\u00a0 10,0 g<br \/>\nHibiskusbl\u00fcten\u00a0\u00a0\u00a0\u00a0\u00a0\u00a0\u00a0\u00a0\u00a0\u00a0\u00a0\u00a0\u00a0 20,0 g<br \/>\nMelissenbl\u00e4tter\u00a0\u00a0\u00a0\u00a0\u00a0\u00a0\u00a0\u00a0\u00a0\u00a0\u00a0\u00a0 20,0 g<br \/>\nRingelblumenbl\u00fcten\u00a0\u00a0\u00a0\u00a0 10,0 g<br \/>\nSteinkleekraut\u00a0\u00a0\u00a0\u00a0\u00a0\u00a0\u00a0\u00a0\u00a0\u00a0\u00a0\u00a0\u00a0\u00a0 10,0 g<\/p>\n<p>Dosierung und Art der Anwendung:<br \/>\n1-2 TL der Teemischung werden mit siedendem Wasser (ca. 150ml) \u00fcbergossen, bedeckt 10min ziehen gelassen und dann durch ein Teesieb gegeben. 3-5x t\u00e4glich eine Tasse hei\u00df, warm oder kalt trinken.<\/p>\n<p>&nbsp;<\/p>\n<hr \/>\n<p>&nbsp;<\/p>\n<h1>\u00c4therische \u00d6le<\/h1>\n<p>\u00c4therische \u00d6le sind konzentrierte Pflanzenstoffe, die den Duft einer Pflanze bestimmen und therapeutische Wirkungen haben. Sie sind Vielstoffgemische, die zur Linderung von Krankheiten und zur Steigerung des Wohlbefindens angewandt werden.<\/p>\n<p>Frau Bianca Klehm ist unsere speziell geschulte Mitarbeiterin\u00a0 mit der Fachausbildung<br \/>\n,,\u00c4rztlich gepr\u00fcfte Primavera Aromaexpertin Aromapflege\u201c. Sie ber\u00e4t Sie gern rund um die \u00c4THERISCHEN \u00d6LE und die M\u00f6glichkeiten ihrer Anwendung.<\/p>\n<p>&nbsp;<\/p>\n<hr \/>\n<p>&nbsp;<\/p>\n<h1>Hilfreiche Mischungen zum selbermachen<\/h1>\n<p>,,Zeck weg\u201c<strong><br \/>\n<\/strong>nach Maria M. Kettenring<\/p>\n<p>50ml Braunglas-Spr\u00fchflasche<br \/>\n20ml Weingeist<br \/>\n20 Tropfen LEMONGRAS<br \/>\n15 Tropfen MANUKA<br \/>\n15 Tropfen LAVANDIN<br \/>\nDie Mischung im Alkohol emulgieren und mit 30ml destilliertem Wasser auff\u00fcllen. Die Mischung wird milchig.<br \/>\nSollten Sie diese Mischung f\u00fcr Tiere anwenden wollen, halbieren Sie die Tropfenzahl der \u00e4therischen \u00d6le.<br \/>\nNicht f\u00fcr Katzen!<br \/>\nWirkt gegen M\u00fccken und Zecken<\/p>\n<p>&nbsp;<\/p>\n<p>,,Sonnenbrand-Nachsorge\u201c<br \/>\nnach Maria M. Kettenring<\/p>\n<p>F\u00fcr 100ml Braunglasflasche<br \/>\n50ml Aloe Vera-\u00d6l<br \/>\n50ml Johanniskraut\u00f6l<br \/>\n12 Tropfen LAVENDEL FEIN<br \/>\n5 Tropfen LAVENDEL EXTRA<br \/>\n5 Tropfen PALMAROSA<br \/>\n3 Tropfen MANUKA<br \/>\nSubstanzen miteinander mischen. Das \u00d6l auf die betroffenen Stellen auftragen<\/p>\n<p>&nbsp;<\/p>\n","protected":false},"excerpt":{"rendered":"<p>Die Kr\u00e4uterheilkunde ist eine der \u00e4ltesten Therapieformen. Wir kennen sie nicht erst seit Paracelsus und Hildegard von Bingen. Unsere urzeitlichen Vorfahren nutzten schon die Kraft der Pflanzen. Unsere Apotheke verf\u00fcgt \u00fcber eine Vielzahl von Kr\u00e4utern in vorgeschriebener Apothekenqualit\u00e4t. Wir halten rund 200 verschiedene Einzelkr\u00e4uter vorr\u00e4tig, davon vorwiegend als Ware kontrolliert biologischen Anbaus (kbA). Wir bieten [&hellip;]<\/p>\n","protected":false},"author":4,"featured_media":0,"parent":10,"menu_order":0,"comment_status":"open","ping_status":"closed","template":"","meta":{"_acf_changed":false,"footnotes":""},"class_list":["post-720","page","type-page","status-publish","hentry"],"acf":[],"_links":{"self":[{"href":"https:\/\/orangerie-apotheke.de\/index.php\/wp-json\/wp\/v2\/pages\/720","targetHints":{"allow":["GET"]}}],"collection":[{"href":"https:\/\/orangerie-apotheke.de\/index.php\/wp-json\/wp\/v2\/pages"}],"about":[{"href":"https:\/\/orangerie-apotheke.de\/index.php\/wp-json\/wp\/v2\/types\/page"}],"author":[{"embeddable":true,"href":"https:\/\/orangerie-apotheke.de\/index.php\/wp-json\/wp\/v2\/users\/4"}],"replies":[{"embeddable":true,"href":"https:\/\/orangerie-apotheke.de\/index.php\/wp-json\/wp\/v2\/comments?post=720"}],"version-history":[{"count":35,"href":"https:\/\/orangerie-apotheke.de\/index.php\/wp-json\/wp\/v2\/pages\/720\/revisions"}],"predecessor-version":[{"id":1058,"href":"https:\/\/orangerie-apotheke.de\/index.php\/wp-json\/wp\/v2\/pages\/720\/revisions\/1058"}],"up":[{"embeddable":true,"href":"https:\/\/orangerie-apotheke.de\/index.php\/wp-json\/wp\/v2\/pages\/10"}],"wp:attachment":[{"href":"https:\/\/orangerie-apotheke.de\/index.php\/wp-json\/wp\/v2\/media?parent=720"}],"curies":[{"name":"wp","href":"https:\/\/api.w.org\/{rel}","templated":true}]}}