{"id":724,"date":"2016-04-06T12:53:16","date_gmt":"2016-04-06T10:53:16","guid":{"rendered":"https:\/\/orangerie-apotheke.de\/?page_id=724"},"modified":"2018-11-23T15:28:59","modified_gmt":"2018-11-23T14:28:59","slug":"bach-bluetenessenzen","status":"publish","type":"page","link":"https:\/\/orangerie-apotheke.de\/index.php\/schwerpunkte\/bach-bluetenessenzen\/","title":{"rendered":"Bach-Bl\u00fctenessenzen"},"content":{"rendered":"<p>Seelisches Gleichgewicht durch energetisierte Bl\u00fctenessenzen<\/p>\n<p>Bl\u00fcten bzw. Pflanzen tragen individuelle Botschaften und (Heil-)Informationen in sich, die bei der Aufbereitung in die jeweilige Tr\u00e4gersubstanz (Alkohol, Sole, Wasser) \u00fcbergehen.<br \/>\nDiese Essenzen enthalten nichts Materielles. Sie enthalten lebendige Informationen, die im feinstofflichen Bereich \u2013 auf der Seelenebene &#8211; harmonisierend und heilend wirken.<br \/>\nAus jeder Pflanze kann ihre Wesensessenz hergestellt werden, d.h. ihre Essenz herausgezogen werden und harmonisierend zur Anwendung gebracht werden.<br \/>\nJede Pflanze offenbart uns ihr Wesen, wenn wir ihr in Liebe und seelischer Offenheit begegnen.<\/p>\n<p>&nbsp;<\/p>\n<h2>Bachbl\u00fcten<\/h2>\n<p>Von Dr. Edward Bach, einem englischen Arzt und Hom\u00f6opathen, um 1930 entdeckte Seelenheilkr\u00e4fte von 38 Bl\u00fcten, die er in Heiler \/ Helfer \/ Baumkr\u00e4fte und Kr\u00f6nung einteilte.<\/p>\n<p>Wir f\u00fchren die Original englischen Bachbl\u00fcten im Komplettsatz. Sie erhalten sowohl die Original-Stockbottles wie auch individuell angefertigte Mischungen der Bachbl\u00fcten. Frau Bianca Klehm ist fachlich spezialisiert. Sie wurde \u00fcber das Dr. Edward Bach-Center in England ausgebildet und bespricht mit Ihnen sehr gern Ihre Anliegen.<br \/>\nWir f\u00fchren weiterhin die Bachbl\u00fcten der Firmen Healing Herbs und FloraCura.<\/p>\n<p>&nbsp;<\/p>\n<h2>Florasole-Bl\u00fcten<\/h2>\n<p>Die Firma Nuhrovia stellt Bl\u00fctenessenzen auf der Basis besonnter Sole her. Darunter alle von Bach beschriebenen Bl\u00fcten. Ihre Grundlage sind Salz, Wasser und Sonne. Sie bilden einen Teil ihrer hergestellten Naturessenzen.<\/p>\n<p>&nbsp;<\/p>\n<h2>Australische Bl\u00fcten<\/h2>\n<p>88 australische Buschbl\u00fcten, die wild wachsen und in gleicher Art und Weise ihre Seelenqualit\u00e4ten besitzen. Wir halten diese nicht vorr\u00e4tig, besorgen sie Ihnen aber gern. Ebenso Kalifornische Bl\u00fctenessenzen.<\/p>\n<p>&nbsp;<\/p>\n<h2>Heimische Bl\u00fctenessenzen<\/h2>\n<p>Inzwischen stellen viele Hersteller Bl\u00fctenessenzen der regionalen Flora her.<\/p>\n","protected":false},"excerpt":{"rendered":"<p>Seelisches Gleichgewicht durch energetisierte Bl\u00fctenessenzen Bl\u00fcten bzw. Pflanzen tragen individuelle Botschaften und (Heil-)Informationen in sich, die bei der Aufbereitung in die jeweilige Tr\u00e4gersubstanz (Alkohol, Sole, Wasser) \u00fcbergehen. Diese Essenzen enthalten nichts Materielles. Sie enthalten lebendige Informationen, die im feinstofflichen Bereich \u2013 auf der Seelenebene &#8211; harmonisierend und heilend wirken. Aus jeder Pflanze kann ihre Wesensessenz [&hellip;]<\/p>\n","protected":false},"author":4,"featured_media":0,"parent":10,"menu_order":0,"comment_status":"open","ping_status":"closed","template":"","meta":{"_acf_changed":false,"footnotes":""},"class_list":["post-724","page","type-page","status-publish","hentry"],"acf":[],"_links":{"self":[{"href":"https:\/\/orangerie-apotheke.de\/index.php\/wp-json\/wp\/v2\/pages\/724","targetHints":{"allow":["GET"]}}],"collection":[{"href":"https:\/\/orangerie-apotheke.de\/index.php\/wp-json\/wp\/v2\/pages"}],"about":[{"href":"https:\/\/orangerie-apotheke.de\/index.php\/wp-json\/wp\/v2\/types\/page"}],"author":[{"embeddable":true,"href":"https:\/\/orangerie-apotheke.de\/index.php\/wp-json\/wp\/v2\/users\/4"}],"replies":[{"embeddable":true,"href":"https:\/\/orangerie-apotheke.de\/index.php\/wp-json\/wp\/v2\/comments?post=724"}],"version-history":[{"count":13,"href":"https:\/\/orangerie-apotheke.de\/index.php\/wp-json\/wp\/v2\/pages\/724\/revisions"}],"predecessor-version":[{"id":1085,"href":"https:\/\/orangerie-apotheke.de\/index.php\/wp-json\/wp\/v2\/pages\/724\/revisions\/1085"}],"up":[{"embeddable":true,"href":"https:\/\/orangerie-apotheke.de\/index.php\/wp-json\/wp\/v2\/pages\/10"}],"wp:attachment":[{"href":"https:\/\/orangerie-apotheke.de\/index.php\/wp-json\/wp\/v2\/media?parent=724"}],"curies":[{"name":"wp","href":"https:\/\/api.w.org\/{rel}","templated":true}]}}