{"id":726,"date":"2016-04-06T12:54:12","date_gmt":"2016-04-06T10:54:12","guid":{"rendered":"https:\/\/orangerie-apotheke.de\/?page_id=726"},"modified":"2016-04-06T17:12:37","modified_gmt":"2016-04-06T15:12:37","slug":"mutter-kind","status":"publish","type":"page","link":"https:\/\/orangerie-apotheke.de\/index.php\/schwerpunkte\/mutter-kind\/","title":{"rendered":"Mutter &#038; Kind"},"content":{"rendered":"<h2>Schwangerschaft, Geburt und neues Leben<\/h2>\n<p>Als Apotheke im \u00c4rztehaus mit einer Kinderarztpraxis haben wir uns auf das Mutter-Kind- Sortiment eingestellt.<\/p>\n<p>Sie bekommen Arzneimittel und Produkte, die Ihre W\u00fcnsche vom Beginn der Schwangerschaft, \u00fcber die Geburt, die Stillzeit und die ersten Jahre Ihres Kindes erf\u00fcllen. Unser Mutter-Kind-Bereich enth\u00e4lt u.a. das Sortiment der Bahnhof-Apotheke Kempten, der Firmen Weleda und WALA, der Pflegeserie von Dr. Hauschka Med, Dr. Leyh, Sebamed Baby u.a.<\/p>\n<p>Wir vermieten Milchpumpen der Firma medela.<\/p>\n<p>Gern stellen wir Ihnen Ihre pers\u00f6nliche hom\u00f6opathische Kinder- bzw. Hausapotheke zusammen.<\/p>\n","protected":false},"excerpt":{"rendered":"<p>Schwangerschaft, Geburt und neues Leben Als Apotheke im \u00c4rztehaus mit einer Kinderarztpraxis haben wir uns auf das Mutter-Kind- Sortiment eingestellt. Sie bekommen Arzneimittel und Produkte, die Ihre W\u00fcnsche vom Beginn der Schwangerschaft, \u00fcber die Geburt, die Stillzeit und die ersten Jahre Ihres Kindes erf\u00fcllen. Unser Mutter-Kind-Bereich enth\u00e4lt u.a. das Sortiment der Bahnhof-Apotheke Kempten, der Firmen [&hellip;]<\/p>\n","protected":false},"author":4,"featured_media":0,"parent":10,"menu_order":0,"comment_status":"open","ping_status":"closed","template":"","meta":{"_acf_changed":false,"footnotes":""},"class_list":["post-726","page","type-page","status-publish","hentry"],"acf":[],"_links":{"self":[{"href":"https:\/\/orangerie-apotheke.de\/index.php\/wp-json\/wp\/v2\/pages\/726","targetHints":{"allow":["GET"]}}],"collection":[{"href":"https:\/\/orangerie-apotheke.de\/index.php\/wp-json\/wp\/v2\/pages"}],"about":[{"href":"https:\/\/orangerie-apotheke.de\/index.php\/wp-json\/wp\/v2\/types\/page"}],"author":[{"embeddable":true,"href":"https:\/\/orangerie-apotheke.de\/index.php\/wp-json\/wp\/v2\/users\/4"}],"replies":[{"embeddable":true,"href":"https:\/\/orangerie-apotheke.de\/index.php\/wp-json\/wp\/v2\/comments?post=726"}],"version-history":[{"count":2,"href":"https:\/\/orangerie-apotheke.de\/index.php\/wp-json\/wp\/v2\/pages\/726\/revisions"}],"predecessor-version":[{"id":808,"href":"https:\/\/orangerie-apotheke.de\/index.php\/wp-json\/wp\/v2\/pages\/726\/revisions\/808"}],"up":[{"embeddable":true,"href":"https:\/\/orangerie-apotheke.de\/index.php\/wp-json\/wp\/v2\/pages\/10"}],"wp:attachment":[{"href":"https:\/\/orangerie-apotheke.de\/index.php\/wp-json\/wp\/v2\/media?parent=726"}],"curies":[{"name":"wp","href":"https:\/\/api.w.org\/{rel}","templated":true}]}}