{"id":728,"date":"2016-04-11T10:12:37","date_gmt":"2016-04-11T08:12:37","guid":{"rendered":"https:\/\/orangerie-apotheke.de\/?page_id=728"},"modified":"2019-03-06T17:01:19","modified_gmt":"2019-03-06T16:01:19","slug":"naturkosmetik","status":"publish","type":"page","link":"https:\/\/orangerie-apotheke.de\/index.php\/schwerpunkte\/naturkosmetik\/","title":{"rendered":"Naturkosmetik"},"content":{"rendered":"<h2>Sch\u00f6n und gepflegt \u2013 nat\u00fcrlich<\/h2>\n<p>Die Apotheke an der Orangerie ist autorisierter Vertragspartner der Dr. Hauschka Naturkosmetik und f\u00fchrt ihr Gesamtsortiment. Dieses teilt sich in die pflegende Kosmetik, die dekorative Kosmetik und in die medizinische Pflegekosmetik ein.<\/p>\n<p>Dr. Hauschka Kosmetik orientiert sich an den Rhythmen der Natur und den Rhythmen des Menschen und seiner Haut. Sie tr\u00e4gt reinigende, st\u00e4rkende und sch\u00fctzende Aspekte und wird im Einklang mit der Natur hergestellt. Unter der Pr\u00e4misse ,,Rhythmus tr\u00e4gt Leben\u201c harmonisiert die Kosmetik das gr\u00f6\u00dfte Organ \u2013 die Haut.<\/p>\n\n\n<p>Wir sind offizieller Partner von Dr. Hauschka Naturkosmetik. auf deren Webshop finden Sie eine noch gr\u00f6\u00dfere Auswahl an Naturkosmetikprodukten.<\/p>\n\n\n\n<p><a href=\"https:\/\/www.drhauschka.de\/?sPartner=10105953\">Klicken Sie hier um direkt zum Dr. Hauschka Webshop zu gelangen.<\/a><br><\/p>\n","protected":false},"excerpt":{"rendered":"<p>Sch\u00f6n und gepflegt \u2013 nat\u00fcrlich Die Apotheke an der Orangerie ist autorisierter Vertragspartner der Dr. Hauschka Naturkosmetik und f\u00fchrt ihr Gesamtsortiment. Dieses teilt sich in die pflegende Kosmetik, die dekorative Kosmetik und in die medizinische Pflegekosmetik ein. Dr. Hauschka Kosmetik orientiert sich an den Rhythmen der Natur und den Rhythmen des Menschen und seiner Haut. [&hellip;]<\/p>\n","protected":false},"author":4,"featured_media":0,"parent":10,"menu_order":0,"comment_status":"open","ping_status":"closed","template":"","meta":{"_acf_changed":false,"footnotes":""},"class_list":["post-728","page","type-page","status-publish","hentry"],"acf":[],"_links":{"self":[{"href":"https:\/\/orangerie-apotheke.de\/index.php\/wp-json\/wp\/v2\/pages\/728","targetHints":{"allow":["GET"]}}],"collection":[{"href":"https:\/\/orangerie-apotheke.de\/index.php\/wp-json\/wp\/v2\/pages"}],"about":[{"href":"https:\/\/orangerie-apotheke.de\/index.php\/wp-json\/wp\/v2\/types\/page"}],"author":[{"embeddable":true,"href":"https:\/\/orangerie-apotheke.de\/index.php\/wp-json\/wp\/v2\/users\/4"}],"replies":[{"embeddable":true,"href":"https:\/\/orangerie-apotheke.de\/index.php\/wp-json\/wp\/v2\/comments?post=728"}],"version-history":[{"count":3,"href":"https:\/\/orangerie-apotheke.de\/index.php\/wp-json\/wp\/v2\/pages\/728\/revisions"}],"predecessor-version":[{"id":1096,"href":"https:\/\/orangerie-apotheke.de\/index.php\/wp-json\/wp\/v2\/pages\/728\/revisions\/1096"}],"up":[{"embeddable":true,"href":"https:\/\/orangerie-apotheke.de\/index.php\/wp-json\/wp\/v2\/pages\/10"}],"wp:attachment":[{"href":"https:\/\/orangerie-apotheke.de\/index.php\/wp-json\/wp\/v2\/media?parent=728"}],"curies":[{"name":"wp","href":"https:\/\/api.w.org\/{rel}","templated":true}]}}