{"id":730,"date":"2016-04-11T10:23:58","date_gmt":"2016-04-11T08:23:58","guid":{"rendered":"https:\/\/orangerie-apotheke.de\/?page_id=730"},"modified":"2016-04-11T10:24:19","modified_gmt":"2016-04-11T08:24:19","slug":"regulationen","status":"publish","type":"page","link":"https:\/\/orangerie-apotheke.de\/index.php\/schwerpunkte\/regulationen\/","title":{"rendered":"Regulationen"},"content":{"rendered":"<p>Wir k\u00f6nnen unseren K\u00f6rper mit seinem Stoffwechsel regulieren und regenerieren. So bieten wir Ihnen Gesamtpakete zur Regulation des S\u00e4ure-Basenhaushaltes, der Leber- und Nierent\u00e4tigkeit, des Darmes, des Lymphsystems, der Ausleitung von Giften, der Zellgesundheit, des Energiehaushaltes, zum Abnehmen uvm.an.<\/p>\n","protected":false},"excerpt":{"rendered":"<p>Wir k\u00f6nnen unseren K\u00f6rper mit seinem Stoffwechsel regulieren und regenerieren. So bieten wir Ihnen Gesamtpakete zur Regulation des S\u00e4ure-Basenhaushaltes, der Leber- und Nierent\u00e4tigkeit, des Darmes, des Lymphsystems, der Ausleitung von Giften, der Zellgesundheit, des Energiehaushaltes, zum Abnehmen uvm.an.<\/p>\n","protected":false},"author":4,"featured_media":0,"parent":10,"menu_order":0,"comment_status":"open","ping_status":"closed","template":"","meta":{"_acf_changed":false,"footnotes":""},"class_list":["post-730","page","type-page","status-publish","hentry"],"acf":[],"_links":{"self":[{"href":"https:\/\/orangerie-apotheke.de\/index.php\/wp-json\/wp\/v2\/pages\/730","targetHints":{"allow":["GET"]}}],"collection":[{"href":"https:\/\/orangerie-apotheke.de\/index.php\/wp-json\/wp\/v2\/pages"}],"about":[{"href":"https:\/\/orangerie-apotheke.de\/index.php\/wp-json\/wp\/v2\/types\/page"}],"author":[{"embeddable":true,"href":"https:\/\/orangerie-apotheke.de\/index.php\/wp-json\/wp\/v2\/users\/4"}],"replies":[{"embeddable":true,"href":"https:\/\/orangerie-apotheke.de\/index.php\/wp-json\/wp\/v2\/comments?post=730"}],"version-history":[{"count":1,"href":"https:\/\/orangerie-apotheke.de\/index.php\/wp-json\/wp\/v2\/pages\/730\/revisions"}],"predecessor-version":[{"id":731,"href":"https:\/\/orangerie-apotheke.de\/index.php\/wp-json\/wp\/v2\/pages\/730\/revisions\/731"}],"up":[{"embeddable":true,"href":"https:\/\/orangerie-apotheke.de\/index.php\/wp-json\/wp\/v2\/pages\/10"}],"wp:attachment":[{"href":"https:\/\/orangerie-apotheke.de\/index.php\/wp-json\/wp\/v2\/media?parent=730"}],"curies":[{"name":"wp","href":"https:\/\/api.w.org\/{rel}","templated":true}]}}