{"id":810,"date":"2016-04-06T17:25:16","date_gmt":"2016-04-06T15:25:16","guid":{"rendered":"https:\/\/orangerie-apotheke.de\/?page_id=810"},"modified":"2016-06-30T16:06:23","modified_gmt":"2016-06-30T14:06:23","slug":"asthma-copd-beratung","status":"publish","type":"page","link":"https:\/\/orangerie-apotheke.de\/index.php\/schwerpunkte\/asthma-copd-beratung\/","title":{"rendered":"Asthma-\/COPD-Beratung"},"content":{"rendered":"<p>Alle Mitarbeiterinnen sind auf die ausf\u00fchrliche Beratung von Patienten mit Atemwegserkrankungen geschult. Wir haben unser Wissen zu Asthma bronchiale und COPD vertieft. Asthma und COPD (= Chronic obstructive pulmonary disease = lang andauernde verengende Lungenerkrankung) z\u00e4hlen zu den chronisch entz\u00fcndlichen Atemwegserkrankungen. Die Verengung der Lunge ist ein Merkmal dieser Erkrankungen. Die Verengung ist beim Asthma reversibel, bei der COPD nicht mehr vollst\u00e4ndig reversibel. Weitere Symptome sind anfallsweise auftretende Atemnot und \u00dcberempfindlichkeit der Atemwege sowie das COPD-Lungenemphysem (starke \u00fcberbl\u00e4hte Lungenbl\u00e4schen).<br \/>\nWir arbeiten eng mit Dr. Ulf Hengst zusammen, dem Pneumologen unseres \u00c4rztehauses. Somit f\u00fchren wir auch alle therapierelevanten Arzneimittel dieser Fachrichtung, das Zubeh\u00f6r und Demonstrationshilfen zur Erl\u00e4uterung der Handhabung. Auch alternative M\u00f6glichkeiten, wie z.B. unser spagyrischer Asthmaspray, k\u00f6nnen zur Linderung Ihrer Symptome beitragen.<\/p>\n","protected":false},"excerpt":{"rendered":"<p>Alle Mitarbeiterinnen sind auf die ausf\u00fchrliche Beratung von Patienten mit Atemwegserkrankungen geschult. Wir haben unser Wissen zu Asthma bronchiale und COPD vertieft. Asthma und COPD (= Chronic obstructive pulmonary disease = lang andauernde verengende Lungenerkrankung) z\u00e4hlen zu den chronisch entz\u00fcndlichen Atemwegserkrankungen. Die Verengung der Lunge ist ein Merkmal dieser Erkrankungen. Die Verengung ist beim Asthma [&hellip;]<\/p>\n","protected":false},"author":4,"featured_media":0,"parent":10,"menu_order":0,"comment_status":"open","ping_status":"closed","template":"","meta":{"_acf_changed":false,"footnotes":""},"class_list":["post-810","page","type-page","status-publish","hentry"],"acf":[],"_links":{"self":[{"href":"https:\/\/orangerie-apotheke.de\/index.php\/wp-json\/wp\/v2\/pages\/810","targetHints":{"allow":["GET"]}}],"collection":[{"href":"https:\/\/orangerie-apotheke.de\/index.php\/wp-json\/wp\/v2\/pages"}],"about":[{"href":"https:\/\/orangerie-apotheke.de\/index.php\/wp-json\/wp\/v2\/types\/page"}],"author":[{"embeddable":true,"href":"https:\/\/orangerie-apotheke.de\/index.php\/wp-json\/wp\/v2\/users\/4"}],"replies":[{"embeddable":true,"href":"https:\/\/orangerie-apotheke.de\/index.php\/wp-json\/wp\/v2\/comments?post=810"}],"version-history":[{"count":3,"href":"https:\/\/orangerie-apotheke.de\/index.php\/wp-json\/wp\/v2\/pages\/810\/revisions"}],"predecessor-version":[{"id":1059,"href":"https:\/\/orangerie-apotheke.de\/index.php\/wp-json\/wp\/v2\/pages\/810\/revisions\/1059"}],"up":[{"embeddable":true,"href":"https:\/\/orangerie-apotheke.de\/index.php\/wp-json\/wp\/v2\/pages\/10"}],"wp:attachment":[{"href":"https:\/\/orangerie-apotheke.de\/index.php\/wp-json\/wp\/v2\/media?parent=810"}],"curies":[{"name":"wp","href":"https:\/\/api.w.org\/{rel}","templated":true}]}}