{"id":870,"date":"2016-04-11T10:57:53","date_gmt":"2016-04-11T08:57:53","guid":{"rendered":"https:\/\/orangerie-apotheke.de\/?page_id=870"},"modified":"2016-07-01T10:32:49","modified_gmt":"2016-07-01T08:32:49","slug":"saeure-und-basenregulation","status":"publish","type":"page","link":"https:\/\/orangerie-apotheke.de\/index.php\/schwerpunkte\/saeure-und-basenregulation\/","title":{"rendered":"S\u00e4ure- und Basenregulation"},"content":{"rendered":"<p><span style=\"font-size: medium;\">Die St\u00f6rung des S\u00e4ure-Basen-Haushaltes ist urs\u00e4chlich an der Entstehung unserer Zivilisationskrankheiten beteiligt. Basische Ern\u00e4hrung und Ausleitung von S\u00e4uren dient der Erhaltung der Gesundheit und verleiht Vitalit\u00e4t. Fr\u00fcchte und Gem\u00fcse liefern organische Basen und Mineralien. \u00dcber die Ern\u00e4hrung hinaus k\u00f6nnen Sie gezielt S\u00e4uren ausleiten und eine Umstimmung in Ihrem K\u00f6rper vollziehen. F\u00fcr die innere und \u00e4u\u00dfere S\u00e4ureausleitung und Umstimmung stehen Ihnen bei uns die Produkte der Firmen Dr. Jacobs, Dr. Jentschura und Sanacare zur Verf\u00fcgung. Dies sind: Basenpulver auf Citratbasis, MEINE BASE als Basensalz f\u00fcr B\u00e4der, Basenwasser zum Trinken, Produkte mit Mineralien und L-(+)- Milchs\u00e4ure f\u00fcr die Zellstoffaktivit\u00e4t, basische Kr\u00e4utertees uvm.<\/span><\/p>\n","protected":false},"excerpt":{"rendered":"<p>Die St\u00f6rung des S\u00e4ure-Basen-Haushaltes ist urs\u00e4chlich an der Entstehung unserer Zivilisationskrankheiten beteiligt. Basische Ern\u00e4hrung und Ausleitung von S\u00e4uren dient der Erhaltung der Gesundheit und verleiht Vitalit\u00e4t. Fr\u00fcchte und Gem\u00fcse liefern organische Basen und Mineralien. \u00dcber die Ern\u00e4hrung hinaus k\u00f6nnen Sie gezielt S\u00e4uren ausleiten und eine Umstimmung in Ihrem K\u00f6rper vollziehen. F\u00fcr die innere und \u00e4u\u00dfere [&hellip;]<\/p>\n","protected":false},"author":4,"featured_media":0,"parent":10,"menu_order":0,"comment_status":"open","ping_status":"closed","template":"","meta":{"_acf_changed":false,"footnotes":""},"class_list":["post-870","page","type-page","status-publish","hentry"],"acf":[],"_links":{"self":[{"href":"https:\/\/orangerie-apotheke.de\/index.php\/wp-json\/wp\/v2\/pages\/870","targetHints":{"allow":["GET"]}}],"collection":[{"href":"https:\/\/orangerie-apotheke.de\/index.php\/wp-json\/wp\/v2\/pages"}],"about":[{"href":"https:\/\/orangerie-apotheke.de\/index.php\/wp-json\/wp\/v2\/types\/page"}],"author":[{"embeddable":true,"href":"https:\/\/orangerie-apotheke.de\/index.php\/wp-json\/wp\/v2\/users\/4"}],"replies":[{"embeddable":true,"href":"https:\/\/orangerie-apotheke.de\/index.php\/wp-json\/wp\/v2\/comments?post=870"}],"version-history":[{"count":4,"href":"https:\/\/orangerie-apotheke.de\/index.php\/wp-json\/wp\/v2\/pages\/870\/revisions"}],"predecessor-version":[{"id":1063,"href":"https:\/\/orangerie-apotheke.de\/index.php\/wp-json\/wp\/v2\/pages\/870\/revisions\/1063"}],"up":[{"embeddable":true,"href":"https:\/\/orangerie-apotheke.de\/index.php\/wp-json\/wp\/v2\/pages\/10"}],"wp:attachment":[{"href":"https:\/\/orangerie-apotheke.de\/index.php\/wp-json\/wp\/v2\/media?parent=870"}],"curies":[{"name":"wp","href":"https:\/\/api.w.org\/{rel}","templated":true}]}}