{"id":883,"date":"2016-04-11T11:02:21","date_gmt":"2016-04-11T09:02:21","guid":{"rendered":"https:\/\/orangerie-apotheke.de\/?page_id=883"},"modified":"2016-04-26T15:10:17","modified_gmt":"2016-04-26T13:10:17","slug":"wasser","status":"publish","type":"page","link":"https:\/\/orangerie-apotheke.de\/index.php\/schwerpunkte\/wasser\/","title":{"rendered":"Wasser"},"content":{"rendered":"<p>Wasser ist nicht gleich Wasser. Auch wenn wir in Deutschland \u00fcber sehr gutes Trinkwasser verf\u00fcgen, werden nicht alle Schadstoffe herausgefiltert. Wir bieten Ihnen \u00fcber unsere Aktivkohlefilteranlage sowie \u00fcber unsere Umkehrosmose Anlage (Pi-Power-Compact Anlage mit UV-Filter) reinstes, energetisiertes Wasser an, welches frei ist von Kalk, Nitraten, Uran, Schwermetallen, Hormonen, Pestiziden u.a. Schadstoffen, da diese durch die Filterung abgewiesen werden.<\/p>\n<p>Gern geben wir Ihnen Infos f\u00fcr ihre eigene Wasserfilteranlage.<\/p>\n<p>In unserem Sortiment f\u00fchren wir den TWISTER (29,90\u20ac) zur Aufbereitung von hexagonalem Wasser.<\/p>\n<p>Hexagonales Wasser ist ein besonders geordnetes und strukturiertes Wasser, dessen Molek\u00fcle sich in einer besonderen \u2013 hexagonalen &#8211; Kristallstruktur anordnen, einem fl\u00fcssigen Kristall sehr hoher Ordnung. Dieses geordnete Wasser dringt leichter in die Zellen ein, hydriert, entgiftet und regeneriert die Zellen wesentlich effektiver als ,,normal\u201c strukturiertes Wasser. N\u00e4here Informationen finden sie auch in dem Artikel unter:<\/p>\n<p><a href=\"http:\/\/www.sein.de\/energetisiertes-wasser-universitaet-lueftet-geheimnisse-um-wasser\">www.sein.de\/energetisiertes-wasser-universitaet-lueftet-geheimnisse-um-wasser<\/a><\/p>\n","protected":false},"excerpt":{"rendered":"<p>Wasser ist nicht gleich Wasser. Auch wenn wir in Deutschland \u00fcber sehr gutes Trinkwasser verf\u00fcgen, werden nicht alle Schadstoffe herausgefiltert. Wir bieten Ihnen \u00fcber unsere Aktivkohlefilteranlage sowie \u00fcber unsere Umkehrosmose Anlage (Pi-Power-Compact Anlage mit UV-Filter) reinstes, energetisiertes Wasser an, welches frei ist von Kalk, Nitraten, Uran, Schwermetallen, Hormonen, Pestiziden u.a. Schadstoffen, da diese durch die [&hellip;]<\/p>\n","protected":false},"author":4,"featured_media":0,"parent":10,"menu_order":0,"comment_status":"open","ping_status":"closed","template":"","meta":{"_acf_changed":false,"footnotes":""},"class_list":["post-883","page","type-page","status-publish","hentry"],"acf":[],"_links":{"self":[{"href":"https:\/\/orangerie-apotheke.de\/index.php\/wp-json\/wp\/v2\/pages\/883","targetHints":{"allow":["GET"]}}],"collection":[{"href":"https:\/\/orangerie-apotheke.de\/index.php\/wp-json\/wp\/v2\/pages"}],"about":[{"href":"https:\/\/orangerie-apotheke.de\/index.php\/wp-json\/wp\/v2\/types\/page"}],"author":[{"embeddable":true,"href":"https:\/\/orangerie-apotheke.de\/index.php\/wp-json\/wp\/v2\/users\/4"}],"replies":[{"embeddable":true,"href":"https:\/\/orangerie-apotheke.de\/index.php\/wp-json\/wp\/v2\/comments?post=883"}],"version-history":[{"count":3,"href":"https:\/\/orangerie-apotheke.de\/index.php\/wp-json\/wp\/v2\/pages\/883\/revisions"}],"predecessor-version":[{"id":925,"href":"https:\/\/orangerie-apotheke.de\/index.php\/wp-json\/wp\/v2\/pages\/883\/revisions\/925"}],"up":[{"embeddable":true,"href":"https:\/\/orangerie-apotheke.de\/index.php\/wp-json\/wp\/v2\/pages\/10"}],"wp:attachment":[{"href":"https:\/\/orangerie-apotheke.de\/index.php\/wp-json\/wp\/v2\/media?parent=883"}],"curies":[{"name":"wp","href":"https:\/\/api.w.org\/{rel}","templated":true}]}}